{"id":1691,"date":"2023-03-31T12:03:54","date_gmt":"2023-03-31T12:03:54","guid":{"rendered":"https:\/\/landoibobis.com\/?page_id=1691"},"modified":"2023-05-03T17:05:05","modified_gmt":"2023-05-03T17:05:05","slug":"politica-de-cookies","status":"publish","type":"page","link":"https:\/\/landoibobis.com\/es\/politica-de-cookies\/","title":{"rendered":"Pol\u00edtica de Cookies"},"content":{"rendered":"<div class=\"alignwide-wrap\" data-block=\"columns\">\n<div class=\"wp-block-columns alignwide\">\n<div class=\"wp-block-column\">\n<h2 class=\"wp-block-heading\">Objeto<\/h2>\n\n\n\n<p>El objeto de la presente pol\u00edtica es informar del uso de cookies en este sitio web de acuerdo con lo establecido en la legislaci\u00f3n de los servicios de la sociedad de la informaci\u00f3n y de comercio electr\u00f3nico.<\/p>\n\n\n\n<h3 class=\"wp-block-heading\">\u00bfQu\u00e9 son las Cookies y para qu\u00e9 se utilizan?<\/h3>\n\n\n\n<p><br>Las cookies, son ficheros o archivos de texto que un servidor web genera y almacena en el ordenador\/smartphone\/tablet (en adelante equipo) de un Usuario al acceder a determinadas p\u00e1ginas web, para almacenar y recuperar informaci\u00f3n sobre la navegaci\u00f3n que realiza el usuario desde dicho equipo. Tambi\u00e9n pueden consistir en un c\u00f3digo que permite identificar al Usuario inequ\u00edvocamente durante su navegaci\u00f3n. Por ello las cookies pueden almacenar informaci\u00f3n sobre el equipo de un Usuario o sobre sus sesiones de navegaci\u00f3n de los sitios web que ha visitado, tal como p\u00e1gina que visita, el tiempo de conexi\u00f3n a Internet, y otros datos seg\u00fan el tipo de cookie.<br><br>En definitiva, el uso de cookies en la navegaci\u00f3n a trav\u00e9s del sitio web permite obtener informaci\u00f3n relativa a la navegaci\u00f3n de los usuarios; mejorar la experiencia del usuario en la navegaci\u00f3n; recoger las estad\u00edsticas de uso del sitio web por el Usuario y otras informaciones como el navegador empleado por el Usuario, el n\u00famero de p\u00e1ginas visitadas, el n\u00famero de visitas, el rastreo de los movimientos que hace el Usuario por un sitio web, el tiempo que permanece en el sitio web o en una p\u00e1gina concreta, el llenado o vaciado de la cesta de la compra, y otras informaciones; geolocalizar al Usuario mediante la geolocalizaci\u00f3n del dispositivo conectado (informaci\u00f3n sobre la regi\u00f3n y, potencialmente, datos de la localidad en algunos pa\u00edses); medir la efectividad de sus campa\u00f1as de correo electr\u00f3nico y mejorar las caracter\u00edsticas del servicio para segmentos espec\u00edficos de los usuarios y especialmente de los suscriptores de la recepci\u00f3n de comunicaciones electr\u00f3nicas comerciales publicitarias y boletines; conocer si los receptores de comunicaciones electr\u00f3nicas comerciales publicitarias y boletines han procedido a la apertura de dichas comunicaciones y el uso de los enlaces contenidos en los mismos para cada uno de los destinatarios, tal como la pulsaci\u00f3n de los enlaces contenidos en los correos, y poder elaborar con la informaci\u00f3n recabada informes de seguimiento de las campa\u00f1as.<br><br>Este sitio web utiliza cookies, tanto propias como de terceros. M\u00e1s adelante el Usuario puede encontrar informaci\u00f3n concreta sobre las mismas.<br><\/p>\n\n\n\n<h3 class=\"wp-block-heading\">\u00bfC\u00f3mo se autoriza el uso de las cookies en nuestro sitio web?<\/h3>\n\n\n\n<p><br>En relaci\u00f3n con el uso de utilizan cookies en este sitio web, el Usuario debe saber que nos autoriza y consiente el uso de cookies de la siguiente forma:<br><br>Acepta el uso de las cookies utilizadas en este sitio web para las finalidades indicadas en esta pol\u00edtica si marca o pincha el aviso de ACEPTO que se publica en la primera capa de informaci\u00f3n.<br><br>En todo caso, pese a la aceptaci\u00f3n inicial de uso de las cookies en la navegaci\u00f3n a trav\u00e9s de nuestro sitio web, en cualquier momento el Usuario puede revocar su consentimiento, deshabilitando y rechazando su utilizaci\u00f3n, seg\u00fan se explica en el apartado correspondiente de esta pol\u00edtica.<br><br>En todo caso, el Usuario tiene el control sobre las cookies, pues est\u00e1n almacenadas en el navegador de los equipos que utilizan. Por tanto, en cualquier momento el Usuario podr\u00e1 leerlas, filtrarlas, rechazarlas y eliminarlas.<\/p>\n\n\n\n<h3 class=\"wp-block-heading\"><br><br>\u00bfCu\u00e1les son las cookies de terceros utilizadas y la finalidad de uso en el sitio web?<\/h3>\n\n\n\n<p> <\/p>\n\n\n\n<p>-ga Registra una identificaci\u00f3n particular utilizada para generar datos sobre el uso del sitio web por parte del usuario.<\/p>\n\n\n\n<p>_ga_# Se utiliza para distinguir usuarios individuales mediante la designaci\u00f3n de un n\u00famero generado aleatoriamente como identificador de cliente, que permite el c\u00e1lculo de visitas y sesiones.<\/p>\n\n\n\n<p><code>wp-wpml_current_language<\/code>\u00a0Almacena el idioma actual. Esta cookie est\u00e1 habilitada de forma predeterminada en los sitios que utilizan la funci\u00f3n\u00a0Filtrado de idioma para operaciones\u00a0AJAX.<\/p>\n\n\n\n<p><\/p>\n<\/div>\n<\/div>\n<\/div>","protected":false},"excerpt":{"rendered":"<div class=\"entry-summary\">\nObjeto El objeto de la presente pol\u00edtica es informar del uso de cookies en este sitio web de acuerdo con lo establecido en la legislaci\u00f3n de los servicios de la sociedad de la informaci\u00f3n y de comercio electr\u00f3nico. \u00bfQu\u00e9 son&hellip;\n<\/div>\n<div class=\"link-more-container\"><a href=\"https:\/\/landoibobis.com\/es\/politica-de-cookies\/\" class=\"link-more\" aria-label=\"Continue reading Pol\u00edtica de Cookies\">Continue reading&hellip;<\/a><\/div>\n","protected":false},"author":2,"featured_media":0,"parent":0,"menu_order":0,"comment_status":"closed","ping_status":"closed","template":"","meta":{"_coblocks_attr":"","_coblocks_dimensions":"","_coblocks_responsive_height":"","_coblocks_accordion_ie_support":"","_et_pb_use_builder":"","_et_pb_old_content":"","_et_gb_content_width":"","_monsterinsights_skip_tracking":false,"_monsterinsights_sitenote_active":false,"_monsterinsights_sitenote_note":"","_monsterinsights_sitenote_category":0,"footnotes":""},"class_list":["post-1691","page","type-page","status-publish","hentry","entry","entry-type-page"],"yoast_head":"<!-- This site is optimized with the Yoast SEO plugin v26.6 - https:\/\/yoast.com\/wordpress\/plugins\/seo\/ -->\n<title>Pol\u00edtica de Cookies - Lando i Bobis<\/title>\n<meta name=\"robots\" content=\"index, follow, max-snippet:-1, max-image-preview:large, max-video-preview:-1\" \/>\n<link rel=\"canonical\" href=\"https:\/\/landoibobis.com\/es\/politica-de-cookies\/\" \/>\n<meta property=\"og:locale\" content=\"es_ES\" \/>\n<meta property=\"og:type\" content=\"article\" \/>\n<meta property=\"og:title\" content=\"Pol\u00edtica de Cookies - Lando i Bobis\" \/>\n<meta property=\"og:description\" content=\"Objeto El objeto de la presente pol\u00edtica es informar del uso de cookies en este sitio web de acuerdo con lo establecido en la legislaci\u00f3n de los servicios de la sociedad de la informaci\u00f3n y de comercio electr\u00f3nico. \u00bfQu\u00e9 son&hellip; Continue reading&hellip;\" \/>\n<meta property=\"og:url\" content=\"https:\/\/landoibobis.com\/es\/politica-de-cookies\/\" \/>\n<meta property=\"og:site_name\" content=\"Lando i Bobis\" \/>\n<meta property=\"article:publisher\" content=\"https:\/\/www.facebook.com\/people\/Lando-i-Bobis-Advocats-Abogados\/100054291830478\/\" \/>\n<meta property=\"article:modified_time\" content=\"2023-05-03T17:05:05+00:00\" \/>\n<meta name=\"twitter:card\" content=\"summary_large_image\" \/>\n<meta name=\"twitter:label1\" content=\"Tiempo de lectura\" \/>\n\t<meta name=\"twitter:data1\" content=\"3 minutos\" \/>\n<script type=\"application\/ld+json\" class=\"yoast-schema-graph\">{\"@context\":\"https:\/\/schema.org\",\"@graph\":[{\"@type\":\"WebPage\",\"@id\":\"https:\/\/landoibobis.com\/es\/politica-de-cookies\/\",\"url\":\"https:\/\/landoibobis.com\/es\/politica-de-cookies\/\",\"name\":\"Pol\u00edtica de Cookies - Lando i Bobis\",\"isPartOf\":{\"@id\":\"https:\/\/landoibobis.com\/es\/#website\"},\"datePublished\":\"2023-03-31T12:03:54+00:00\",\"dateModified\":\"2023-05-03T17:05:05+00:00\",\"breadcrumb\":{\"@id\":\"https:\/\/landoibobis.com\/es\/politica-de-cookies\/#breadcrumb\"},\"inLanguage\":\"es\",\"potentialAction\":[{\"@type\":\"ReadAction\",\"target\":[\"https:\/\/landoibobis.com\/es\/politica-de-cookies\/\"]}]},{\"@type\":\"BreadcrumbList\",\"@id\":\"https:\/\/landoibobis.com\/es\/politica-de-cookies\/#breadcrumb\",\"itemListElement\":[{\"@type\":\"ListItem\",\"position\":1,\"name\":\"Portada\",\"item\":\"https:\/\/landoibobis.com\/es\/\"},{\"@type\":\"ListItem\",\"position\":2,\"name\":\"Pol\u00edtica de Cookies\"}]},{\"@type\":\"WebSite\",\"@id\":\"https:\/\/landoibobis.com\/es\/#website\",\"url\":\"https:\/\/landoibobis.com\/es\/\",\"name\":\"Lando i Bobis\",\"description\":\"Abogado en Tarragona, Asesor\u00eda, Formaci\u00f3n\",\"publisher\":{\"@id\":\"https:\/\/landoibobis.com\/es\/#organization\"},\"potentialAction\":[{\"@type\":\"SearchAction\",\"target\":{\"@type\":\"EntryPoint\",\"urlTemplate\":\"https:\/\/landoibobis.com\/es\/?s={search_term_string}\"},\"query-input\":{\"@type\":\"PropertyValueSpecification\",\"valueRequired\":true,\"valueName\":\"search_term_string\"}}],\"inLanguage\":\"es\"},{\"@type\":\"Organization\",\"@id\":\"https:\/\/landoibobis.com\/es\/#organization\",\"name\":\"Lando i Bobis\",\"url\":\"https:\/\/landoibobis.com\/es\/\",\"logo\":{\"@type\":\"ImageObject\",\"inLanguage\":\"es\",\"@id\":\"https:\/\/landoibobis.com\/es\/#\/schema\/logo\/image\/\",\"url\":\"https:\/\/i0.wp.com\/landoibobis.com\/wp-content\/uploads\/2023\/04\/cropped-cropped-cropped-logo-lando-i-bobis-e1681206179758.png?fit=400%2C135&ssl=1\",\"contentUrl\":\"https:\/\/i0.wp.com\/landoibobis.com\/wp-content\/uploads\/2023\/04\/cropped-cropped-cropped-logo-lando-i-bobis-e1681206179758.png?fit=400%2C135&ssl=1\",\"width\":400,\"height\":135,\"caption\":\"Lando i Bobis\"},\"image\":{\"@id\":\"https:\/\/landoibobis.com\/es\/#\/schema\/logo\/image\/\"},\"sameAs\":[\"https:\/\/www.facebook.com\/people\/Lando-i-Bobis-Advocats-Abogados\/100054291830478\/\",\"https:\/\/www.instagram.com\/landoibobis\/\"]}]}<\/script>\n<!-- \/ Yoast SEO plugin. -->","yoast_head_json":{"title":"Pol\u00edtica de Cookies - Lando i Bobis","robots":{"index":"index","follow":"follow","max-snippet":"max-snippet:-1","max-image-preview":"max-image-preview:large","max-video-preview":"max-video-preview:-1"},"canonical":"https:\/\/landoibobis.com\/es\/politica-de-cookies\/","og_locale":"es_ES","og_type":"article","og_title":"Pol\u00edtica de Cookies - Lando i Bobis","og_description":"Objeto El objeto de la presente pol\u00edtica es informar del uso de cookies en este sitio web de acuerdo con lo establecido en la legislaci\u00f3n de los servicios de la sociedad de la informaci\u00f3n y de comercio electr\u00f3nico. \u00bfQu\u00e9 son&hellip; Continue reading&hellip;","og_url":"https:\/\/landoibobis.com\/es\/politica-de-cookies\/","og_site_name":"Lando i Bobis","article_publisher":"https:\/\/www.facebook.com\/people\/Lando-i-Bobis-Advocats-Abogados\/100054291830478\/","article_modified_time":"2023-05-03T17:05:05+00:00","twitter_card":"summary_large_image","twitter_misc":{"Tiempo de lectura":"3 minutos"},"schema":{"@context":"https:\/\/schema.org","@graph":[{"@type":"WebPage","@id":"https:\/\/landoibobis.com\/es\/politica-de-cookies\/","url":"https:\/\/landoibobis.com\/es\/politica-de-cookies\/","name":"Pol\u00edtica de Cookies - Lando i Bobis","isPartOf":{"@id":"https:\/\/landoibobis.com\/es\/#website"},"datePublished":"2023-03-31T12:03:54+00:00","dateModified":"2023-05-03T17:05:05+00:00","breadcrumb":{"@id":"https:\/\/landoibobis.com\/es\/politica-de-cookies\/#breadcrumb"},"inLanguage":"es","potentialAction":[{"@type":"ReadAction","target":["https:\/\/landoibobis.com\/es\/politica-de-cookies\/"]}]},{"@type":"BreadcrumbList","@id":"https:\/\/landoibobis.com\/es\/politica-de-cookies\/#breadcrumb","itemListElement":[{"@type":"ListItem","position":1,"name":"Portada","item":"https:\/\/landoibobis.com\/es\/"},{"@type":"ListItem","position":2,"name":"Pol\u00edtica de Cookies"}]},{"@type":"WebSite","@id":"https:\/\/landoibobis.com\/es\/#website","url":"https:\/\/landoibobis.com\/es\/","name":"Lando i Bobis","description":"Abogado en Tarragona, Asesor\u00eda, Formaci\u00f3n","publisher":{"@id":"https:\/\/landoibobis.com\/es\/#organization"},"potentialAction":[{"@type":"SearchAction","target":{"@type":"EntryPoint","urlTemplate":"https:\/\/landoibobis.com\/es\/?s={search_term_string}"},"query-input":{"@type":"PropertyValueSpecification","valueRequired":true,"valueName":"search_term_string"}}],"inLanguage":"es"},{"@type":"Organization","@id":"https:\/\/landoibobis.com\/es\/#organization","name":"Lando i Bobis","url":"https:\/\/landoibobis.com\/es\/","logo":{"@type":"ImageObject","inLanguage":"es","@id":"https:\/\/landoibobis.com\/es\/#\/schema\/logo\/image\/","url":"https:\/\/i0.wp.com\/landoibobis.com\/wp-content\/uploads\/2023\/04\/cropped-cropped-cropped-logo-lando-i-bobis-e1681206179758.png?fit=400%2C135&ssl=1","contentUrl":"https:\/\/i0.wp.com\/landoibobis.com\/wp-content\/uploads\/2023\/04\/cropped-cropped-cropped-logo-lando-i-bobis-e1681206179758.png?fit=400%2C135&ssl=1","width":400,"height":135,"caption":"Lando i Bobis"},"image":{"@id":"https:\/\/landoibobis.com\/es\/#\/schema\/logo\/image\/"},"sameAs":["https:\/\/www.facebook.com\/people\/Lando-i-Bobis-Advocats-Abogados\/100054291830478\/","https:\/\/www.instagram.com\/landoibobis\/"]}]}},"_links":{"self":[{"href":"https:\/\/landoibobis.com\/es\/wp-json\/wp\/v2\/pages\/1691","targetHints":{"allow":["GET"]}}],"collection":[{"href":"https:\/\/landoibobis.com\/es\/wp-json\/wp\/v2\/pages"}],"about":[{"href":"https:\/\/landoibobis.com\/es\/wp-json\/wp\/v2\/types\/page"}],"author":[{"embeddable":true,"href":"https:\/\/landoibobis.com\/es\/wp-json\/wp\/v2\/users\/2"}],"replies":[{"embeddable":true,"href":"https:\/\/landoibobis.com\/es\/wp-json\/wp\/v2\/comments?post=1691"}],"version-history":[{"count":10,"href":"https:\/\/landoibobis.com\/es\/wp-json\/wp\/v2\/pages\/1691\/revisions"}],"predecessor-version":[{"id":3230,"href":"https:\/\/landoibobis.com\/es\/wp-json\/wp\/v2\/pages\/1691\/revisions\/3230"}],"wp:attachment":[{"href":"https:\/\/landoibobis.com\/es\/wp-json\/wp\/v2\/media?parent=1691"}],"curies":[{"name":"wp","href":"https:\/\/api.w.org\/{rel}","templated":true}]}}