{"id":1776,"date":"2023-04-03T16:01:06","date_gmt":"2023-04-03T16:01:06","guid":{"rendered":"https:\/\/landoibobis.com\/?page_id=1776"},"modified":"2023-04-26T08:15:08","modified_gmt":"2023-04-26T08:15:08","slug":"asesoria-en-tarragona","status":"publish","type":"page","link":"https:\/\/landoibobis.com\/es\/asesoria-en-tarragona\/","title":{"rendered":"Asesoria en Tarragona"},"content":{"rendered":"<div class=\"alignwide-wrap\" data-block=\"group\">\n<div class=\"wp-block-group alignwide\"><div class=\"wp-block-group__inner-container is-layout-constrained wp-block-group-is-layout-constrained\"><div class=\"alignwide-wrap\" data-block=\"columns\">\n<div class=\"wp-block-columns alignwide has-large-font-size\" style=\"font-style:normal;font-weight:600\">\n<div class=\"wp-block-column has-palette-1-color has-text-color\"><div class=\"wp-block-image .no-mobile\">\n<figure class=\"aligncenter size-full\"><img data-recalc-dims=\"1\" loading=\"lazy\" decoding=\"async\" width=\"400\" height=\"135\" src=\"https:\/\/i0.wp.com\/landoibobis.com\/wp-content\/uploads\/2023\/04\/cropped-logo-lando-i-bobis-e1681206179758.png?resize=400%2C135&#038;ssl=1\" alt=\"\" class=\"wp-image-1977\"\/><\/figure>\n<\/div>\n\n\n<div style=\"height:119px\" aria-hidden=\"true\" class=\"wp-block-spacer\"><\/div>\n\n\n<div class=\"alignwide-wrap\" data-block=\"heading\">\n<h2 class=\"wp-block-heading alignwide has-text-align-center has-palette-1-color has-text-color has-huge-font-size\">Asesor\u00eda en Tarragona<\/h2>\n<\/div>\n\n\n<div style=\"height:100px\" aria-hidden=\"true\" class=\"wp-block-spacer\"><\/div>\n\n\n\n<p class=\"has-text-color has-palette-1-color has-large-font-size\" style=\"font-style:normal;font-weight:500\"><strong>Los emprendedores hacemos girar el mundo<\/strong>. Somos el tejido de nuestra sociedad y nuestra econom\u00eda. Con franqueza, nadie sabe realmente lo que es administrar un negocio hasta que lo ha hecho.<\/p>\n\n\n\n<p class=\"has-large-font-size\" style=\"padding-top:0;padding-right:0;padding-bottom:0;padding-left:0;font-style:normal;font-weight:400\">Por eso nos gusta especialmente&nbsp;trabajar con otros emprendedores&nbsp;de peque\u00f1as empresas que han perseguido sus pasiones y han hecho realidad sus sue\u00f1os.<\/p>\n<\/div>\n<\/div>\n<\/div><\/div>\n<\/div><\/div>\n\n\n<div style=\"height:48px\" aria-hidden=\"true\" class=\"wp-block-spacer\"><\/div>\n\n\n<div class=\"wp-block-coblocks-shape-divider alignfull mb-0\" style=\"color: #febd58; background-color: #fbfbfb;\" aria-hidden=\"true\">\n\t\t\t<div class=\"wp-block-coblocks-shape-divider__svg-wrapper\" style=\"height:100px;\">\n\t\t\t\t<svg class=\"divider--wavy\" viewBox=\"0 0 100 10\" xmlns=\"http:\/\/www.w3.org\/2000\/svg\" preserveAspectRatio=\"none\"><path d=\"m42.19.65c2.26-.25 5.15.04 7.55.53 2.36.49 7.09 2.35 10.05 3.57 7.58 3.22 13.37 4.45 19.26 4.97 2.36.21 4.87.35 10.34-.25s10.62-2.56 10.62-2.56v-6.91h-100.01v3.03s7.2 3.26 15.84 3.05c3.92-.07 9.28-.67 13.4-2.24 2.12-.81 5.22-1.82 7.97-2.42 2.72-.63 3.95-.67 4.98-.77z\" fillRule=\"evenodd\" transform=\"matrix(1 0 0 -1 0 10)\" \/><\/svg>\n\t\t\t<\/div>\n\t\t\t<div class=\"wp-block-coblocks-shape-divider__alt-wrapper\" style=\"height:50px;\"><\/div>\n\t\t<\/div>\n\n\n<div class=\"wp-block-cover alignfull is-light mb-0\" style=\"padding-top:var(--wp--preset--spacing--80);padding-right:var(--wp--preset--spacing--80);padding-bottom:var(--wp--preset--spacing--80);padding-left:var(--wp--preset--spacing--80);min-height:1064px;aspect-ratio:unset;\"><span aria-hidden=\"true\" class=\"wp-block-cover__background has-background-dim-100 has-background-dim\" style=\"background-color:#febd58\"><\/span><div class=\"wp-block-cover__inner-container is-layout-flow wp-block-cover-is-layout-flow\">\n<div style=\"height:11px\" aria-hidden=\"true\" class=\"wp-block-spacer\"><\/div>\n\n\n<div class=\"alignwide-wrap\" data-block=\"coblocks-features\">\n<div class=\"wp-block-coblocks-features alignwide coblocks-features-3318433913\"><div class=\"wp-block-coblocks-features__inner has-background has-columns has-3-columns has-responsive-columns has-text-color has-palette-1-color has-padding has-large-padding has-center-content has-medium-gutter\" style=\"background-color:#febd58\">\n<div class=\"wp-block-coblocks-feature coblocks-feature-331843450\"><div class=\"wp-block-coblocks-feature__inner has-no-padding\">\n<figure class=\"wp-block-image size-full\"><img data-recalc-dims=\"1\" loading=\"lazy\" decoding=\"async\" width=\"800\" height=\"533\" src=\"https:\/\/i0.wp.com\/landoibobis.com\/wp-content\/uploads\/2023\/04\/asesoria-en-tarragona2.jpg?resize=800%2C533&#038;ssl=1\" alt=\"\" class=\"wp-image-2791\" srcset=\"https:\/\/i0.wp.com\/landoibobis.com\/wp-content\/uploads\/2023\/04\/asesoria-en-tarragona2.jpg?w=800&amp;ssl=1 800w, https:\/\/i0.wp.com\/landoibobis.com\/wp-content\/uploads\/2023\/04\/asesoria-en-tarragona2.jpg?resize=640%2C426&amp;ssl=1 640w, https:\/\/i0.wp.com\/landoibobis.com\/wp-content\/uploads\/2023\/04\/asesoria-en-tarragona2.jpg?resize=480%2C320&amp;ssl=1 480w, https:\/\/i0.wp.com\/landoibobis.com\/wp-content\/uploads\/2023\/04\/asesoria-en-tarragona2.jpg?resize=768%2C512&amp;ssl=1 768w\" sizes=\"(max-width: 800px) 100vw, 800px\" \/><\/figure>\n\n\n\n<p><\/p>\n\n\n\n<h4 class=\"wp-block-heading has-text-align-left has-palette-1-color has-text-color\"><strong>Todo para el aut\u00f3nomo<\/strong><\/h4>\n\n\n\n<p class=\"has-text-align-left has-palette-1-color has-text-color\" style=\"font-size:18px\">Nos encargamos de que cumplas con todas tus obligaciones: Contabilidad,&nbsp; Impuestos y fiscalidad.<\/p>\n<\/div><\/div>\n\n\n\n<div class=\"wp-block-coblocks-feature coblocks-feature-331843451\"><div class=\"wp-block-coblocks-feature__inner has-no-padding\">\n<figure class=\"wp-block-image size-large\"><img data-recalc-dims=\"1\" loading=\"lazy\" decoding=\"async\" width=\"1280\" height=\"854\" src=\"https:\/\/i0.wp.com\/landoibobis.com\/wp-content\/uploads\/2023\/03\/linkedin-sales-solutions-nISqmehpBQk-unsplash.jpeg?resize=1280%2C854&#038;ssl=1\" alt=\"\" class=\"wp-image-1596\" srcset=\"https:\/\/i0.wp.com\/landoibobis.com\/wp-content\/uploads\/2023\/03\/linkedin-sales-solutions-nISqmehpBQk-unsplash-scaled.jpeg?resize=1280%2C854&amp;ssl=1 1280w, https:\/\/i0.wp.com\/landoibobis.com\/wp-content\/uploads\/2023\/03\/linkedin-sales-solutions-nISqmehpBQk-unsplash-scaled.jpeg?resize=640%2C427&amp;ssl=1 640w, https:\/\/i0.wp.com\/landoibobis.com\/wp-content\/uploads\/2023\/03\/linkedin-sales-solutions-nISqmehpBQk-unsplash-scaled.jpeg?resize=480%2C320&amp;ssl=1 480w, https:\/\/i0.wp.com\/landoibobis.com\/wp-content\/uploads\/2023\/03\/linkedin-sales-solutions-nISqmehpBQk-unsplash-scaled.jpeg?resize=768%2C512&amp;ssl=1 768w, https:\/\/i0.wp.com\/landoibobis.com\/wp-content\/uploads\/2023\/03\/linkedin-sales-solutions-nISqmehpBQk-unsplash-scaled.jpeg?resize=1536%2C1025&amp;ssl=1 1536w, https:\/\/i0.wp.com\/landoibobis.com\/wp-content\/uploads\/2023\/03\/linkedin-sales-solutions-nISqmehpBQk-unsplash-scaled.jpeg?resize=2048%2C1366&amp;ssl=1 2048w, https:\/\/i0.wp.com\/landoibobis.com\/wp-content\/uploads\/2023\/03\/linkedin-sales-solutions-nISqmehpBQk-unsplash-scaled.jpeg?resize=600%2C400&amp;ssl=1 600w, https:\/\/i0.wp.com\/landoibobis.com\/wp-content\/uploads\/2023\/03\/linkedin-sales-solutions-nISqmehpBQk-unsplash-scaled.jpeg?w=2560&amp;ssl=1 2560w\" sizes=\"(max-width: 1280px) 100vw, 1280px\" \/><\/figure>\n\n\n\n<p><\/p>\n\n\n\n<h4 class=\"wp-block-heading has-text-align-left has-palette-1-color has-text-color\"><strong><strong>Expertos en econom\u00eda social<\/strong><\/strong><\/h4>\n\n\n\n<p class=\"has-text-align-left has-palette-1-color has-text-color\" style=\"font-size:18px\">Conocemos la econom\u00eda social y proporcionamos herramientas para las entidades que desarrollan su actividad en este \u00e1mbito. Te acompa\u00f1amos en todo el proceso para constituir tu empresa bajo la f\u00f3rmula cooperativa.<\/p>\n\n\n<div class=\"wp-block-image\">\n<figure class=\"aligncenter size-full is-resized\"><img data-recalc-dims=\"1\" loading=\"lazy\" decoding=\"async\" src=\"https:\/\/i0.wp.com\/landoibobis.com\/wp-content\/uploads\/2023\/04\/coopcamp_cartell.jpg?resize=228%2C320&#038;ssl=1\" alt=\"\" class=\"wp-image-3020\" width=\"228\" height=\"320\" srcset=\"https:\/\/i0.wp.com\/landoibobis.com\/wp-content\/uploads\/2023\/04\/coopcamp_cartell.jpg?w=912&amp;ssl=1 912w, https:\/\/i0.wp.com\/landoibobis.com\/wp-content\/uploads\/2023\/04\/coopcamp_cartell.jpg?resize=640%2C895&amp;ssl=1 640w, https:\/\/i0.wp.com\/landoibobis.com\/wp-content\/uploads\/2023\/04\/coopcamp_cartell.jpg?resize=480%2C671&amp;ssl=1 480w, https:\/\/i0.wp.com\/landoibobis.com\/wp-content\/uploads\/2023\/04\/coopcamp_cartell.jpg?resize=768%2C1074&amp;ssl=1 768w\" sizes=\"(max-width: 228px) 100vw, 228px\" \/><\/figure>\n<\/div><\/div><\/div>\n\n\n\n<div class=\"wp-block-coblocks-feature coblocks-feature-3318439513\"><div class=\"wp-block-coblocks-feature__inner has-no-padding\">\n<figure class=\"wp-block-image size-large\"><img data-recalc-dims=\"1\" loading=\"lazy\" decoding=\"async\" width=\"1280\" height=\"854\" src=\"https:\/\/i0.wp.com\/landoibobis.com\/wp-content\/uploads\/2023\/04\/scott-graham-5fNmWej4tAA-unsplash.jpeg?resize=1280%2C854&#038;ssl=1\" alt=\"\" class=\"wp-image-2032\"\/><\/figure>\n\n\n\n<p><\/p>\n\n\n\n<h4 class=\"wp-block-heading has-text-align-left has-palette-1-color has-text-color\"><strong><strong>Constituci\u00f3n y asesoramiento a empresas<\/strong><\/strong><\/h4>\n\n\n\n<p class=\"has-text-align-left has-palette-1-color has-text-color\" style=\"font-size:18px\">Realizamos los tr\u00e1mites de constituci\u00f3n de cualquier forma jur\u00eddica por la que optes y despu\u00e9s te proporcionamos el asesoramiento y la cobertura necesaria para cumplir con todas las obligaciones.<\/p>\n<\/div><\/div>\n<\/div><\/div>\n<\/div><\/div><\/div>\n\n\n\n<figure class=\"wp-block-image alignfull size-full is-style-bottom-wave mb-0 mt-0\"><img data-recalc-dims=\"1\" decoding=\"async\" src=\"https:\/\/i0.wp.com\/landoibobis.com\/wp-content\/uploads\/2023\/04\/ajuntament-1.jpg?w=1280&#038;ssl=1\" alt=\"\" class=\"wp-image-2136\"\/><\/figure>\n\n\n\n<div style=\"height:102px\" aria-hidden=\"true\" class=\"wp-block-spacer\"><\/div>\n\n\n<div class=\"alignwide-wrap\" data-block=\"columns\">\n<div class=\"wp-block-columns alignwide\">\n<div class=\"wp-block-column\">\n<h2 class=\"wp-block-heading has-huge-font-size\">Servicios<\/h2>\n<\/div>\n\n\n\n<div class=\"wp-block-column is-vertically-aligned-center has-palette-1-color has-text-color has-normal-font-size\">\n<p class=\"has-text-color has-palette-1-color has-extra-large-font-size\" style=\"font-style:normal;font-weight:500\">Te ofrecemos una&nbsp;<strong>cobertura completa<\/strong> de la gestion, obligaciones legales, formales, fiscales, contables y laborales de todo tipo de entidades. <strong>F\u00e1cil.<\/strong> Y adem\u00e1s:<\/p>\n\n\n\n<ul class=\"wp-block-list\">\n<li style=\"font-size:19px\">Comprobaciones ante la Agencia tributaria<\/li>\n\n\n\n<li style=\"font-size:19px\">Inspecci\u00f3n Hacienda<\/li>\n\n\n\n<li style=\"font-size:19px\">Inspecci\u00f3n trabajo<\/li>\n\n\n\n<li style=\"font-size:19px\">Recursos ante la Agencia tributaria<\/li>\n<\/ul>\n<\/div>\n<\/div>\n<\/div>\n\n\n<div style=\"height:65px\" aria-hidden=\"true\" class=\"wp-block-spacer\"><\/div>\n\n\n<div class=\"wp-block-coblocks-shape-divider alignfull has-palette-1-color mb-0\" style=\"background-color: #f9f9f9;\" aria-hidden=\"true\">\n\t\t\t<div class=\"wp-block-coblocks-shape-divider__svg-wrapper\" style=\"height:100px;\">\n\t\t\t\t<svg class=\"divider--wavy\" viewBox=\"0 0 100 10\" xmlns=\"http:\/\/www.w3.org\/2000\/svg\" preserveAspectRatio=\"none\"><path d=\"m42.19.65c2.26-.25 5.15.04 7.55.53 2.36.49 7.09 2.35 10.05 3.57 7.58 3.22 13.37 4.45 19.26 4.97 2.36.21 4.87.35 10.34-.25s10.62-2.56 10.62-2.56v-6.91h-100.01v3.03s7.2 3.26 15.84 3.05c3.92-.07 9.28-.67 13.4-2.24 2.12-.81 5.22-1.82 7.97-2.42 2.72-.63 3.95-.67 4.98-.77z\" fillRule=\"evenodd\" transform=\"matrix(1 0 0 -1 0 10)\" \/><\/svg>\n\t\t\t<\/div>\n\t\t\t<div class=\"wp-block-coblocks-shape-divider__alt-wrapper\" style=\"height:50px;\"><\/div>\n\t\t<\/div>","protected":false},"excerpt":{"rendered":"<div class=\"entry-summary\">\nAsesor\u00eda en Tarragona Los emprendedores hacemos girar el mundo. Somos el tejido de nuestra sociedad y nuestra econom\u00eda. Con franqueza, nadie sabe realmente lo que es administrar un negocio hasta que lo ha hecho. Por eso nos gusta especialmente&nbsp;trabajar con&hellip;\n<\/div>\n<div class=\"link-more-container\"><a href=\"https:\/\/landoibobis.com\/es\/asesoria-en-tarragona\/\" class=\"link-more\" aria-label=\"Continue reading Asesoria en Tarragona\">Continue reading&hellip;<\/a><\/div>\n","protected":false},"author":2,"featured_media":0,"parent":0,"menu_order":0,"comment_status":"closed","ping_status":"closed","template":"","meta":{"_coblocks_attr":"","_coblocks_dimensions":"","_coblocks_responsive_height":"","_coblocks_accordion_ie_support":"","_et_pb_use_builder":"","_et_pb_old_content":"","_et_gb_content_width":"","_monsterinsights_skip_tracking":false,"_monsterinsights_sitenote_active":false,"_monsterinsights_sitenote_note":"","_monsterinsights_sitenote_category":0,"footnotes":""},"class_list":["post-1776","page","type-page","status-publish","hentry","entry","entry-type-page"],"yoast_head":"<!-- This site is optimized with the Yoast SEO plugin v26.6 - https:\/\/yoast.com\/wordpress\/plugins\/seo\/ -->\n<title>Asesoria en Tarragona - Lando i Bobis<\/title>\n<meta name=\"description\" content=\"Todo para el aut\u00f3nomo. Expertos en econom\u00eda social. Constituci\u00f3n de empresas. Inspecci\u00f3n Hacienda. Inspecci\u00f3n trabajo...\" \/>\n<meta name=\"robots\" content=\"index, follow, max-snippet:-1, max-image-preview:large, max-video-preview:-1\" \/>\n<link rel=\"canonical\" href=\"https:\/\/landoibobis.com\/es\/asesoria-en-tarragona\/\" \/>\n<meta property=\"og:locale\" content=\"es_ES\" \/>\n<meta property=\"og:type\" content=\"article\" \/>\n<meta property=\"og:title\" content=\"Asesoria en Tarragona - Lando i Bobis\" \/>\n<meta property=\"og:description\" content=\"Todo para el aut\u00f3nomo. Expertos en econom\u00eda social. Constituci\u00f3n de empresas. Inspecci\u00f3n Hacienda. Inspecci\u00f3n trabajo...\" \/>\n<meta property=\"og:url\" content=\"https:\/\/landoibobis.com\/es\/asesoria-en-tarragona\/\" \/>\n<meta property=\"og:site_name\" content=\"Lando i Bobis\" \/>\n<meta property=\"article:publisher\" content=\"https:\/\/www.facebook.com\/people\/Lando-i-Bobis-Advocats-Abogados\/100054291830478\/\" \/>\n<meta property=\"article:modified_time\" content=\"2023-04-26T08:15:08+00:00\" \/>\n<meta property=\"og:image\" content=\"https:\/\/landoibobis.com\/wp-content\/uploads\/2023\/04\/cropped-logo-lando-i-bobis-e1681206179758.png\" \/>\n<meta name=\"twitter:card\" content=\"summary_large_image\" \/>\n<meta name=\"twitter:label1\" content=\"Tiempo de lectura\" \/>\n\t<meta name=\"twitter:data1\" content=\"1 minuto\" \/>\n<script type=\"application\/ld+json\" class=\"yoast-schema-graph\">{\"@context\":\"https:\/\/schema.org\",\"@graph\":[{\"@type\":\"WebPage\",\"@id\":\"https:\/\/landoibobis.com\/es\/asesoria-en-tarragona\/\",\"url\":\"https:\/\/landoibobis.com\/es\/asesoria-en-tarragona\/\",\"name\":\"Asesoria en Tarragona - Lando i Bobis\",\"isPartOf\":{\"@id\":\"https:\/\/landoibobis.com\/es\/#website\"},\"primaryImageOfPage\":{\"@id\":\"https:\/\/landoibobis.com\/es\/asesoria-en-tarragona\/#primaryimage\"},\"image\":{\"@id\":\"https:\/\/landoibobis.com\/es\/asesoria-en-tarragona\/#primaryimage\"},\"thumbnailUrl\":\"https:\/\/landoibobis.com\/wp-content\/uploads\/2023\/04\/cropped-logo-lando-i-bobis-e1681206179758.png\",\"datePublished\":\"2023-04-03T16:01:06+00:00\",\"dateModified\":\"2023-04-26T08:15:08+00:00\",\"description\":\"Todo para el aut\u00f3nomo. Expertos en econom\u00eda social. Constituci\u00f3n de empresas. Inspecci\u00f3n Hacienda. Inspecci\u00f3n trabajo...\",\"breadcrumb\":{\"@id\":\"https:\/\/landoibobis.com\/es\/asesoria-en-tarragona\/#breadcrumb\"},\"inLanguage\":\"es\",\"potentialAction\":[{\"@type\":\"ReadAction\",\"target\":[\"https:\/\/landoibobis.com\/es\/asesoria-en-tarragona\/\"]}]},{\"@type\":\"ImageObject\",\"inLanguage\":\"es\",\"@id\":\"https:\/\/landoibobis.com\/es\/asesoria-en-tarragona\/#primaryimage\",\"url\":\"https:\/\/landoibobis.com\/wp-content\/uploads\/2023\/04\/cropped-logo-lando-i-bobis-e1681206179758.png\",\"contentUrl\":\"https:\/\/landoibobis.com\/wp-content\/uploads\/2023\/04\/cropped-logo-lando-i-bobis-e1681206179758.png\"},{\"@type\":\"BreadcrumbList\",\"@id\":\"https:\/\/landoibobis.com\/es\/asesoria-en-tarragona\/#breadcrumb\",\"itemListElement\":[{\"@type\":\"ListItem\",\"position\":1,\"name\":\"Portada\",\"item\":\"https:\/\/landoibobis.com\/es\/\"},{\"@type\":\"ListItem\",\"position\":2,\"name\":\"Asesoria en Tarragona\"}]},{\"@type\":\"WebSite\",\"@id\":\"https:\/\/landoibobis.com\/es\/#website\",\"url\":\"https:\/\/landoibobis.com\/es\/\",\"name\":\"Lando i Bobis\",\"description\":\"Abogado en Tarragona, Asesor\u00eda, Formaci\u00f3n\",\"publisher\":{\"@id\":\"https:\/\/landoibobis.com\/es\/#organization\"},\"potentialAction\":[{\"@type\":\"SearchAction\",\"target\":{\"@type\":\"EntryPoint\",\"urlTemplate\":\"https:\/\/landoibobis.com\/es\/?s={search_term_string}\"},\"query-input\":{\"@type\":\"PropertyValueSpecification\",\"valueRequired\":true,\"valueName\":\"search_term_string\"}}],\"inLanguage\":\"es\"},{\"@type\":\"Organization\",\"@id\":\"https:\/\/landoibobis.com\/es\/#organization\",\"name\":\"Lando i Bobis\",\"url\":\"https:\/\/landoibobis.com\/es\/\",\"logo\":{\"@type\":\"ImageObject\",\"inLanguage\":\"es\",\"@id\":\"https:\/\/landoibobis.com\/es\/#\/schema\/logo\/image\/\",\"url\":\"https:\/\/i0.wp.com\/landoibobis.com\/wp-content\/uploads\/2023\/04\/cropped-cropped-cropped-logo-lando-i-bobis-e1681206179758.png?fit=400%2C135&ssl=1\",\"contentUrl\":\"https:\/\/i0.wp.com\/landoibobis.com\/wp-content\/uploads\/2023\/04\/cropped-cropped-cropped-logo-lando-i-bobis-e1681206179758.png?fit=400%2C135&ssl=1\",\"width\":400,\"height\":135,\"caption\":\"Lando i Bobis\"},\"image\":{\"@id\":\"https:\/\/landoibobis.com\/es\/#\/schema\/logo\/image\/\"},\"sameAs\":[\"https:\/\/www.facebook.com\/people\/Lando-i-Bobis-Advocats-Abogados\/100054291830478\/\",\"https:\/\/www.instagram.com\/landoibobis\/\"]}]}<\/script>\n<!-- \/ Yoast SEO plugin. -->","yoast_head_json":{"title":"Asesoria en Tarragona - Lando i Bobis","description":"Todo para el aut\u00f3nomo. Expertos en econom\u00eda social. Constituci\u00f3n de empresas. Inspecci\u00f3n Hacienda. Inspecci\u00f3n trabajo...","robots":{"index":"index","follow":"follow","max-snippet":"max-snippet:-1","max-image-preview":"max-image-preview:large","max-video-preview":"max-video-preview:-1"},"canonical":"https:\/\/landoibobis.com\/es\/asesoria-en-tarragona\/","og_locale":"es_ES","og_type":"article","og_title":"Asesoria en Tarragona - Lando i Bobis","og_description":"Todo para el aut\u00f3nomo. Expertos en econom\u00eda social. Constituci\u00f3n de empresas. Inspecci\u00f3n Hacienda. Inspecci\u00f3n trabajo...","og_url":"https:\/\/landoibobis.com\/es\/asesoria-en-tarragona\/","og_site_name":"Lando i Bobis","article_publisher":"https:\/\/www.facebook.com\/people\/Lando-i-Bobis-Advocats-Abogados\/100054291830478\/","article_modified_time":"2023-04-26T08:15:08+00:00","og_image":[{"url":"https:\/\/landoibobis.com\/wp-content\/uploads\/2023\/04\/cropped-logo-lando-i-bobis-e1681206179758.png","type":"","width":"","height":""}],"twitter_card":"summary_large_image","twitter_misc":{"Tiempo de lectura":"1 minuto"},"schema":{"@context":"https:\/\/schema.org","@graph":[{"@type":"WebPage","@id":"https:\/\/landoibobis.com\/es\/asesoria-en-tarragona\/","url":"https:\/\/landoibobis.com\/es\/asesoria-en-tarragona\/","name":"Asesoria en Tarragona - Lando i Bobis","isPartOf":{"@id":"https:\/\/landoibobis.com\/es\/#website"},"primaryImageOfPage":{"@id":"https:\/\/landoibobis.com\/es\/asesoria-en-tarragona\/#primaryimage"},"image":{"@id":"https:\/\/landoibobis.com\/es\/asesoria-en-tarragona\/#primaryimage"},"thumbnailUrl":"https:\/\/landoibobis.com\/wp-content\/uploads\/2023\/04\/cropped-logo-lando-i-bobis-e1681206179758.png","datePublished":"2023-04-03T16:01:06+00:00","dateModified":"2023-04-26T08:15:08+00:00","description":"Todo para el aut\u00f3nomo. Expertos en econom\u00eda social. Constituci\u00f3n de empresas. Inspecci\u00f3n Hacienda. Inspecci\u00f3n trabajo...","breadcrumb":{"@id":"https:\/\/landoibobis.com\/es\/asesoria-en-tarragona\/#breadcrumb"},"inLanguage":"es","potentialAction":[{"@type":"ReadAction","target":["https:\/\/landoibobis.com\/es\/asesoria-en-tarragona\/"]}]},{"@type":"ImageObject","inLanguage":"es","@id":"https:\/\/landoibobis.com\/es\/asesoria-en-tarragona\/#primaryimage","url":"https:\/\/landoibobis.com\/wp-content\/uploads\/2023\/04\/cropped-logo-lando-i-bobis-e1681206179758.png","contentUrl":"https:\/\/landoibobis.com\/wp-content\/uploads\/2023\/04\/cropped-logo-lando-i-bobis-e1681206179758.png"},{"@type":"BreadcrumbList","@id":"https:\/\/landoibobis.com\/es\/asesoria-en-tarragona\/#breadcrumb","itemListElement":[{"@type":"ListItem","position":1,"name":"Portada","item":"https:\/\/landoibobis.com\/es\/"},{"@type":"ListItem","position":2,"name":"Asesoria en Tarragona"}]},{"@type":"WebSite","@id":"https:\/\/landoibobis.com\/es\/#website","url":"https:\/\/landoibobis.com\/es\/","name":"Lando i Bobis","description":"Abogado en Tarragona, Asesor\u00eda, Formaci\u00f3n","publisher":{"@id":"https:\/\/landoibobis.com\/es\/#organization"},"potentialAction":[{"@type":"SearchAction","target":{"@type":"EntryPoint","urlTemplate":"https:\/\/landoibobis.com\/es\/?s={search_term_string}"},"query-input":{"@type":"PropertyValueSpecification","valueRequired":true,"valueName":"search_term_string"}}],"inLanguage":"es"},{"@type":"Organization","@id":"https:\/\/landoibobis.com\/es\/#organization","name":"Lando i Bobis","url":"https:\/\/landoibobis.com\/es\/","logo":{"@type":"ImageObject","inLanguage":"es","@id":"https:\/\/landoibobis.com\/es\/#\/schema\/logo\/image\/","url":"https:\/\/i0.wp.com\/landoibobis.com\/wp-content\/uploads\/2023\/04\/cropped-cropped-cropped-logo-lando-i-bobis-e1681206179758.png?fit=400%2C135&ssl=1","contentUrl":"https:\/\/i0.wp.com\/landoibobis.com\/wp-content\/uploads\/2023\/04\/cropped-cropped-cropped-logo-lando-i-bobis-e1681206179758.png?fit=400%2C135&ssl=1","width":400,"height":135,"caption":"Lando i Bobis"},"image":{"@id":"https:\/\/landoibobis.com\/es\/#\/schema\/logo\/image\/"},"sameAs":["https:\/\/www.facebook.com\/people\/Lando-i-Bobis-Advocats-Abogados\/100054291830478\/","https:\/\/www.instagram.com\/landoibobis\/"]}]}},"_links":{"self":[{"href":"https:\/\/landoibobis.com\/es\/wp-json\/wp\/v2\/pages\/1776","targetHints":{"allow":["GET"]}}],"collection":[{"href":"https:\/\/landoibobis.com\/es\/wp-json\/wp\/v2\/pages"}],"about":[{"href":"https:\/\/landoibobis.com\/es\/wp-json\/wp\/v2\/types\/page"}],"author":[{"embeddable":true,"href":"https:\/\/landoibobis.com\/es\/wp-json\/wp\/v2\/users\/2"}],"replies":[{"embeddable":true,"href":"https:\/\/landoibobis.com\/es\/wp-json\/wp\/v2\/comments?post=1776"}],"version-history":[{"count":80,"href":"https:\/\/landoibobis.com\/es\/wp-json\/wp\/v2\/pages\/1776\/revisions"}],"predecessor-version":[{"id":3022,"href":"https:\/\/landoibobis.com\/es\/wp-json\/wp\/v2\/pages\/1776\/revisions\/3022"}],"wp:attachment":[{"href":"https:\/\/landoibobis.com\/es\/wp-json\/wp\/v2\/media?parent=1776"}],"curies":[{"name":"wp","href":"https:\/\/api.w.org\/{rel}","templated":true}]}}