{"id":2077,"date":"2023-04-09T08:32:25","date_gmt":"2023-04-09T08:32:25","guid":{"rendered":"https:\/\/landoibobis.com\/?page_id=2077"},"modified":"2023-09-18T06:36:39","modified_gmt":"2023-09-18T06:36:39","slug":"accesibilidad","status":"publish","type":"page","link":"https:\/\/landoibobis.com\/es\/accesibilidad\/","title":{"rendered":"Accesibilidad"},"content":{"rendered":"<div class=\"alignwide-wrap\" data-block=\"columns\">\n<div class=\"wp-block-columns alignwide\">\n<div class=\"wp-block-column\">\n<p><strong>Lando i Bobis<\/strong> se ha comprometido a hacer accesible su sitio web, de conformidad con el&nbsp;Real Decreto 1112\/2018, de 7 de septiembre, sobre accesibilidad de los sitios web y aplicaciones para dispositivos m\u00f3viles del sector p\u00fablico.<\/p>\n\n\n\n<p>La presente declaraci\u00f3n de accesibilidad se aplica al sitio web:<\/p>\n\n\n\n<p>\u2013 https:\/\/landoibobis.com<\/p>\n\n\n\n<p>Este sitio web es plenamente conforme con el RD 1112\/2018 debido a las excepciones y la falta de conformidad de los aspectos que se indican a continuaci\u00f3n.<\/p>\n\n\n\n<p>La presente declaraci\u00f3n fue preparada el 6 de Abril de 2023.<\/p>\n\n\n\n<p>El m\u00e9todo empleado para preparar la declaraci\u00f3n ha sido una autoevaluaci\u00f3n llevada a cabo por la propia empresa.<\/p>\n\n\n\n<p>\u00daltima revisi\u00f3n de la declaraci\u00f3n: 6 de Abril de 2023.<\/p>\n\n\n\n<p>Puede realizar comunicaciones sobre requisitos de accesibilidad (art\u00edculo 10.2.a) del RD 1112\/2018)<br>como por ejemplo:<\/p>\n\n\n\n<ul class=\"wp-block-list\">\n<li>informar sobre cualquier posible incumplimiento por parte de este sitio web<\/li>\n<\/ul>\n\n\n\n<ul class=\"wp-block-list\">\n<li>transmitir otras dificultades de acceso al contenido<\/li>\n<\/ul>\n\n\n\n<ul class=\"wp-block-list\">\n<li>una queja relativa al cumplimiento de los requisitos del RD 1112\/2018<\/li>\n<\/ul>\n\n\n\n<ul class=\"wp-block-list\">\n<li>formular cualquier otra consulta o sugerencia de mejora relativa a la accesibilidad del sitio web contactando por email a <a href=\"mailto:admin@landoibobis.com\">admin@landoibobis.com<\/a> o llamando al tel\u00e9fono 977 214 106.<\/li>\n<\/ul>\n\n\n\n<ul class=\"wp-block-list\">\n<li>las comunicaciones, quejas y solicitudes de informaci\u00f3n accesible ser\u00e1n recibidas y tratadas por <strong>Lando i Bobis<\/strong> .<\/li>\n<\/ul>\n\n\n\n<p><a href=\"https:\/\/www.cmcerda.com\/wordpress\/?page_id=1071#\"><em><\/em><\/a><\/p>\n<\/div>\n<\/div>\n<\/div>\n\n\n<div style=\"height:100px\" aria-hidden=\"true\" class=\"wp-block-spacer\"><\/div>\n","protected":false},"excerpt":{"rendered":"<div class=\"entry-summary\">\nLando i Bobis se ha comprometido a hacer accesible su sitio web, de conformidad con el&nbsp;Real Decreto 1112\/2018, de 7 de septiembre, sobre accesibilidad de los sitios web y aplicaciones para dispositivos m\u00f3viles del sector p\u00fablico. La presente declaraci\u00f3n de&hellip;\n<\/div>\n<div class=\"link-more-container\"><a href=\"https:\/\/landoibobis.com\/es\/accesibilidad\/\" class=\"link-more\" aria-label=\"Continue reading Accesibilidad\">Continue reading&hellip;<\/a><\/div>\n","protected":false},"author":2,"featured_media":0,"parent":0,"menu_order":0,"comment_status":"closed","ping_status":"closed","template":"","meta":{"_coblocks_attr":"","_coblocks_dimensions":"","_coblocks_responsive_height":"","_coblocks_accordion_ie_support":"","_et_pb_use_builder":"","_et_pb_old_content":"","_et_gb_content_width":"","_monsterinsights_skip_tracking":false,"_monsterinsights_sitenote_active":false,"_monsterinsights_sitenote_note":"","_monsterinsights_sitenote_category":0,"footnotes":""},"class_list":["post-2077","page","type-page","status-publish","hentry","entry","entry-type-page"],"yoast_head":"<!-- This site is optimized with the Yoast SEO plugin v26.6 - https:\/\/yoast.com\/wordpress\/plugins\/seo\/ -->\n<title>Accesibilidad - Lando i Bobis<\/title>\n<meta name=\"robots\" content=\"index, follow, max-snippet:-1, max-image-preview:large, max-video-preview:-1\" \/>\n<link rel=\"canonical\" href=\"https:\/\/landoibobis.com\/es\/accesibilidad\/\" \/>\n<meta property=\"og:locale\" content=\"es_ES\" \/>\n<meta property=\"og:type\" content=\"article\" \/>\n<meta property=\"og:title\" content=\"Accesibilidad - Lando i Bobis\" \/>\n<meta property=\"og:description\" content=\"Lando i Bobis se ha comprometido a hacer accesible su sitio web, de conformidad con el&nbsp;Real Decreto 1112\/2018, de 7 de septiembre, sobre accesibilidad de los sitios web y aplicaciones para dispositivos m\u00f3viles del sector p\u00fablico. La presente declaraci\u00f3n de&hellip; Continue reading&hellip;\" \/>\n<meta property=\"og:url\" content=\"https:\/\/landoibobis.com\/es\/accesibilidad\/\" \/>\n<meta property=\"og:site_name\" content=\"Lando i Bobis\" \/>\n<meta property=\"article:publisher\" content=\"https:\/\/www.facebook.com\/people\/Lando-i-Bobis-Advocats-Abogados\/100054291830478\/\" \/>\n<meta property=\"article:modified_time\" content=\"2023-09-18T06:36:39+00:00\" \/>\n<meta name=\"twitter:card\" content=\"summary_large_image\" \/>\n<meta name=\"twitter:label1\" content=\"Tiempo de lectura\" \/>\n\t<meta name=\"twitter:data1\" content=\"1 minuto\" \/>\n<script type=\"application\/ld+json\" class=\"yoast-schema-graph\">{\"@context\":\"https:\/\/schema.org\",\"@graph\":[{\"@type\":\"WebPage\",\"@id\":\"https:\/\/landoibobis.com\/es\/accesibilidad\/\",\"url\":\"https:\/\/landoibobis.com\/es\/accesibilidad\/\",\"name\":\"Accesibilidad - Lando i Bobis\",\"isPartOf\":{\"@id\":\"https:\/\/landoibobis.com\/es\/#website\"},\"datePublished\":\"2023-04-09T08:32:25+00:00\",\"dateModified\":\"2023-09-18T06:36:39+00:00\",\"breadcrumb\":{\"@id\":\"https:\/\/landoibobis.com\/es\/accesibilidad\/#breadcrumb\"},\"inLanguage\":\"es\",\"potentialAction\":[{\"@type\":\"ReadAction\",\"target\":[\"https:\/\/landoibobis.com\/es\/accesibilidad\/\"]}]},{\"@type\":\"BreadcrumbList\",\"@id\":\"https:\/\/landoibobis.com\/es\/accesibilidad\/#breadcrumb\",\"itemListElement\":[{\"@type\":\"ListItem\",\"position\":1,\"name\":\"Portada\",\"item\":\"https:\/\/landoibobis.com\/es\/\"},{\"@type\":\"ListItem\",\"position\":2,\"name\":\"Accesibilidad\"}]},{\"@type\":\"WebSite\",\"@id\":\"https:\/\/landoibobis.com\/es\/#website\",\"url\":\"https:\/\/landoibobis.com\/es\/\",\"name\":\"Lando i Bobis\",\"description\":\"Abogado en Tarragona, Asesor\u00eda, Formaci\u00f3n\",\"publisher\":{\"@id\":\"https:\/\/landoibobis.com\/es\/#organization\"},\"potentialAction\":[{\"@type\":\"SearchAction\",\"target\":{\"@type\":\"EntryPoint\",\"urlTemplate\":\"https:\/\/landoibobis.com\/es\/?s={search_term_string}\"},\"query-input\":{\"@type\":\"PropertyValueSpecification\",\"valueRequired\":true,\"valueName\":\"search_term_string\"}}],\"inLanguage\":\"es\"},{\"@type\":\"Organization\",\"@id\":\"https:\/\/landoibobis.com\/es\/#organization\",\"name\":\"Lando i Bobis\",\"url\":\"https:\/\/landoibobis.com\/es\/\",\"logo\":{\"@type\":\"ImageObject\",\"inLanguage\":\"es\",\"@id\":\"https:\/\/landoibobis.com\/es\/#\/schema\/logo\/image\/\",\"url\":\"https:\/\/i0.wp.com\/landoibobis.com\/wp-content\/uploads\/2023\/04\/cropped-cropped-cropped-logo-lando-i-bobis-e1681206179758.png?fit=400%2C135&ssl=1\",\"contentUrl\":\"https:\/\/i0.wp.com\/landoibobis.com\/wp-content\/uploads\/2023\/04\/cropped-cropped-cropped-logo-lando-i-bobis-e1681206179758.png?fit=400%2C135&ssl=1\",\"width\":400,\"height\":135,\"caption\":\"Lando i Bobis\"},\"image\":{\"@id\":\"https:\/\/landoibobis.com\/es\/#\/schema\/logo\/image\/\"},\"sameAs\":[\"https:\/\/www.facebook.com\/people\/Lando-i-Bobis-Advocats-Abogados\/100054291830478\/\",\"https:\/\/www.instagram.com\/landoibobis\/\"]}]}<\/script>\n<!-- \/ Yoast SEO plugin. -->","yoast_head_json":{"title":"Accesibilidad - Lando i Bobis","robots":{"index":"index","follow":"follow","max-snippet":"max-snippet:-1","max-image-preview":"max-image-preview:large","max-video-preview":"max-video-preview:-1"},"canonical":"https:\/\/landoibobis.com\/es\/accesibilidad\/","og_locale":"es_ES","og_type":"article","og_title":"Accesibilidad - Lando i Bobis","og_description":"Lando i Bobis se ha comprometido a hacer accesible su sitio web, de conformidad con el&nbsp;Real Decreto 1112\/2018, de 7 de septiembre, sobre accesibilidad de los sitios web y aplicaciones para dispositivos m\u00f3viles del sector p\u00fablico. La presente declaraci\u00f3n de&hellip; Continue reading&hellip;","og_url":"https:\/\/landoibobis.com\/es\/accesibilidad\/","og_site_name":"Lando i Bobis","article_publisher":"https:\/\/www.facebook.com\/people\/Lando-i-Bobis-Advocats-Abogados\/100054291830478\/","article_modified_time":"2023-09-18T06:36:39+00:00","twitter_card":"summary_large_image","twitter_misc":{"Tiempo de lectura":"1 minuto"},"schema":{"@context":"https:\/\/schema.org","@graph":[{"@type":"WebPage","@id":"https:\/\/landoibobis.com\/es\/accesibilidad\/","url":"https:\/\/landoibobis.com\/es\/accesibilidad\/","name":"Accesibilidad - Lando i Bobis","isPartOf":{"@id":"https:\/\/landoibobis.com\/es\/#website"},"datePublished":"2023-04-09T08:32:25+00:00","dateModified":"2023-09-18T06:36:39+00:00","breadcrumb":{"@id":"https:\/\/landoibobis.com\/es\/accesibilidad\/#breadcrumb"},"inLanguage":"es","potentialAction":[{"@type":"ReadAction","target":["https:\/\/landoibobis.com\/es\/accesibilidad\/"]}]},{"@type":"BreadcrumbList","@id":"https:\/\/landoibobis.com\/es\/accesibilidad\/#breadcrumb","itemListElement":[{"@type":"ListItem","position":1,"name":"Portada","item":"https:\/\/landoibobis.com\/es\/"},{"@type":"ListItem","position":2,"name":"Accesibilidad"}]},{"@type":"WebSite","@id":"https:\/\/landoibobis.com\/es\/#website","url":"https:\/\/landoibobis.com\/es\/","name":"Lando i Bobis","description":"Abogado en Tarragona, Asesor\u00eda, Formaci\u00f3n","publisher":{"@id":"https:\/\/landoibobis.com\/es\/#organization"},"potentialAction":[{"@type":"SearchAction","target":{"@type":"EntryPoint","urlTemplate":"https:\/\/landoibobis.com\/es\/?s={search_term_string}"},"query-input":{"@type":"PropertyValueSpecification","valueRequired":true,"valueName":"search_term_string"}}],"inLanguage":"es"},{"@type":"Organization","@id":"https:\/\/landoibobis.com\/es\/#organization","name":"Lando i Bobis","url":"https:\/\/landoibobis.com\/es\/","logo":{"@type":"ImageObject","inLanguage":"es","@id":"https:\/\/landoibobis.com\/es\/#\/schema\/logo\/image\/","url":"https:\/\/i0.wp.com\/landoibobis.com\/wp-content\/uploads\/2023\/04\/cropped-cropped-cropped-logo-lando-i-bobis-e1681206179758.png?fit=400%2C135&ssl=1","contentUrl":"https:\/\/i0.wp.com\/landoibobis.com\/wp-content\/uploads\/2023\/04\/cropped-cropped-cropped-logo-lando-i-bobis-e1681206179758.png?fit=400%2C135&ssl=1","width":400,"height":135,"caption":"Lando i Bobis"},"image":{"@id":"https:\/\/landoibobis.com\/es\/#\/schema\/logo\/image\/"},"sameAs":["https:\/\/www.facebook.com\/people\/Lando-i-Bobis-Advocats-Abogados\/100054291830478\/","https:\/\/www.instagram.com\/landoibobis\/"]}]}},"_links":{"self":[{"href":"https:\/\/landoibobis.com\/es\/wp-json\/wp\/v2\/pages\/2077","targetHints":{"allow":["GET"]}}],"collection":[{"href":"https:\/\/landoibobis.com\/es\/wp-json\/wp\/v2\/pages"}],"about":[{"href":"https:\/\/landoibobis.com\/es\/wp-json\/wp\/v2\/types\/page"}],"author":[{"embeddable":true,"href":"https:\/\/landoibobis.com\/es\/wp-json\/wp\/v2\/users\/2"}],"replies":[{"embeddable":true,"href":"https:\/\/landoibobis.com\/es\/wp-json\/wp\/v2\/comments?post=2077"}],"version-history":[{"count":8,"href":"https:\/\/landoibobis.com\/es\/wp-json\/wp\/v2\/pages\/2077\/revisions"}],"predecessor-version":[{"id":3234,"href":"https:\/\/landoibobis.com\/es\/wp-json\/wp\/v2\/pages\/2077\/revisions\/3234"}],"wp:attachment":[{"href":"https:\/\/landoibobis.com\/es\/wp-json\/wp\/v2\/media?parent=2077"}],"curies":[{"name":"wp","href":"https:\/\/api.w.org\/{rel}","templated":true}]}}