{"id":3,"date":"2022-03-11T13:54:27","date_gmt":"2022-03-11T13:54:27","guid":{"rendered":"http:\/\/landoibobis.com\/?page_id=3"},"modified":"2023-04-09T09:04:14","modified_gmt":"2023-04-09T09:04:14","slug":"politica-de-privacidad","status":"publish","type":"page","link":"https:\/\/landoibobis.com\/es\/politica-de-privacidad\/","title":{"rendered":"Pol\u00edtica de Privacidad"},"content":{"rendered":"<div class=\"alignwide-wrap\" data-block=\"columns\">\n<div class=\"wp-block-columns alignwide\">\n<div class=\"wp-block-column\">\n<h2 class=\"wp-block-heading\">Uso y tratamiento de datos de car\u00e1cter personal<\/h2>\n\n\n\n<p>Le informamos que los datos de car\u00e1cter personal que pudieranproporcionarse, a trav\u00e9s de este sitio web, as\u00ed como los que pudiera facilitar en el futuro en el marco de surelaci\u00f3n jur\u00eddica con esta entidad, ser\u00e1nincorporados a nuestra base de datos.<br><br><strong>Se informa sobre los siguientes extremos relativos a la protecci\u00f3n de datos:<\/strong><\/p>\n\n\n\n<h3 class=\"wp-block-heading\">Responsable del tratamiento<\/h3>\n\n\n\n<p>Somos responsables de los datos recogidos en el formulario correspondiente.<\/p>\n\n\n\n<h3 class=\"wp-block-heading\">Necesidad del tratamiento<\/h3>\n\n\n\n<p>La comunicaci\u00f3n de sus datos a trav\u00e9s del formulario correspondiente es obligatoria para podamos contactar.<\/p>\n\n\n\n<h3 class=\"wp-block-heading\">Finalidades del tratamiento y legitimaci\u00f3n del tratamiento<\/h3>\n\n\n\n<p><br>Gestionar, administrar, prestarle los servicios o facilitarle los productos que solicite y, en su caso, para el cumplimiento y ejecuci\u00f3n de los contratos que pudiera celebrar, conocer mejor sus gustos, adecuar los servicios a sus preferencias.<br><br>Enviarle, por correo postal, correo electr\u00f3nico y otros medios de comunicaci\u00f3n electr\u00f3nica equivalente, comunicaciones comerciales y publicitarias sobre nuestros productos y\/o servicios.<\/p>\n\n\n\n<h3 class=\"wp-block-heading\">Destinatarios<\/h3>\n\n\n\n<p>Contratamos con alguna entidad que prestan servicios como los de mantenimiento y hosting, a trav\u00e9s de contratos de encargo del tratamiento para dar soporte a los fines de tratamiento indicados.<\/p>\n\n\n\n<h3 class=\"wp-block-heading\">Plazo de conservaci\u00f3n de datos<\/h3>\n\n\n\n<p>Conservaremos sus datos mientras se mantenga el tratamiento y no solicite la supresi\u00f3n de los mismos.<\/p>\n\n\n\n<h3 class=\"wp-block-heading\">Derechos<\/h3>\n\n\n\n<p>Podr\u00e1 ejercitar los derechos de acceso, rectificaci\u00f3n, supresi\u00f3n, limitaci\u00f3n al tratamiento, oposici\u00f3n, portabilidad y derecho a no ser objeto de una decisi\u00f3n basada \u00fanicamente en el tratamiento automatizado, mediante comunicaci\u00f3n escrita al domicilio indicado en el aviso legal y a revocar su consentimiento sin efectos retroactivos u oponerse a la recepci\u00f3n de comunicaciones comerciales publicitarias por email y otros medios de comunicaci\u00f3n electr\u00f3nica equivalente, enviando y a presentar una reclamaci\u00f3n ante la Autoridad de control, en Espa\u00f1a, la Agencia Espa\u00f1ola de Protecci\u00f3n de Datos.<\/p>\n\n\n\n<h3 class=\"wp-block-heading\">Modificaci\u00f3n de la pol\u00edtica de privacidad<\/h3>\n\n\n\n<p>Nos reservamos el derecho a modificar su Pol\u00edtica de Privacidad, de acuerdo a nuestro propio criterio, o motivado por un cambio doctrinal de la Autoridad competente en Protecci\u00f3n de Datos, legislativo o jurisprudencial. El uso de la Web despu\u00e9s de dichos cambios implicar\u00e1 la aceptaci\u00f3n de \u00e9stos.<\/p>\n\n\n\n<h3 class=\"wp-block-heading\">Legislaci\u00f3n aplicable<\/h3>\n\n\n\n<p>Cualquier controversia que se derive del uso de este Site, ser\u00e1 regida, interpretada y sometida de acuerdo con las leyes de Espa\u00f1a.<\/p>\n<\/div>\n<\/div>\n<\/div>\n\n\n<div style=\"height:100px\" aria-hidden=\"true\" class=\"wp-block-spacer\"><\/div>\n","protected":false},"excerpt":{"rendered":"<div class=\"entry-summary\">\nUso y tratamiento de datos de car\u00e1cter personal Le informamos que los datos de car\u00e1cter personal que pudieranproporcionarse, a trav\u00e9s de este sitio web, as\u00ed como los que pudiera facilitar en el futuro en el marco de surelaci\u00f3n jur\u00eddica con&hellip;\n<\/div>\n<div class=\"link-more-container\"><a href=\"https:\/\/landoibobis.com\/es\/politica-de-privacidad\/\" class=\"link-more\" aria-label=\"Continue reading Pol\u00edtica de Privacidad\">Continue reading&hellip;<\/a><\/div>\n","protected":false},"author":1,"featured_media":0,"parent":0,"menu_order":0,"comment_status":"closed","ping_status":"closed","template":"","meta":{"_coblocks_attr":"","_coblocks_dimensions":"","_coblocks_responsive_height":"","_coblocks_accordion_ie_support":"","_et_pb_use_builder":"","_et_pb_old_content":"","_et_gb_content_width":"","_monsterinsights_skip_tracking":false,"_monsterinsights_sitenote_active":false,"_monsterinsights_sitenote_note":"","_monsterinsights_sitenote_category":0,"footnotes":""},"class_list":["post-3","page","type-page","status-publish","hentry","entry","entry-type-page"],"yoast_head":"<!-- This site is optimized with the Yoast SEO plugin v26.6 - https:\/\/yoast.com\/wordpress\/plugins\/seo\/ -->\n<title>Pol\u00edtica de Privacidad - Lando i Bobis<\/title>\n<meta name=\"robots\" content=\"index, follow, max-snippet:-1, max-image-preview:large, max-video-preview:-1\" \/>\n<link rel=\"canonical\" href=\"https:\/\/landoibobis.com\/es\/politica-de-privacidad\/\" \/>\n<meta property=\"og:locale\" content=\"es_ES\" \/>\n<meta property=\"og:type\" content=\"article\" \/>\n<meta property=\"og:title\" content=\"Pol\u00edtica de Privacidad - Lando i Bobis\" \/>\n<meta property=\"og:description\" content=\"Uso y tratamiento de datos de car\u00e1cter personal Le informamos que los datos de car\u00e1cter personal que pudieranproporcionarse, a trav\u00e9s de este sitio web, as\u00ed como los que pudiera facilitar en el futuro en el marco de surelaci\u00f3n jur\u00eddica con&hellip; Continue reading&hellip;\" \/>\n<meta property=\"og:url\" content=\"https:\/\/landoibobis.com\/es\/politica-de-privacidad\/\" \/>\n<meta property=\"og:site_name\" content=\"Lando i Bobis\" \/>\n<meta property=\"article:publisher\" content=\"https:\/\/www.facebook.com\/people\/Lando-i-Bobis-Advocats-Abogados\/100054291830478\/\" \/>\n<meta property=\"article:modified_time\" content=\"2023-04-09T09:04:14+00:00\" \/>\n<meta name=\"twitter:card\" content=\"summary_large_image\" \/>\n<meta name=\"twitter:label1\" content=\"Tiempo de lectura\" \/>\n\t<meta name=\"twitter:data1\" content=\"2 minutos\" \/>\n<script type=\"application\/ld+json\" class=\"yoast-schema-graph\">{\"@context\":\"https:\/\/schema.org\",\"@graph\":[{\"@type\":\"WebPage\",\"@id\":\"https:\/\/landoibobis.com\/es\/politica-de-privacidad\/\",\"url\":\"https:\/\/landoibobis.com\/es\/politica-de-privacidad\/\",\"name\":\"Pol\u00edtica de Privacidad - Lando i Bobis\",\"isPartOf\":{\"@id\":\"https:\/\/landoibobis.com\/es\/#website\"},\"datePublished\":\"2022-03-11T13:54:27+00:00\",\"dateModified\":\"2023-04-09T09:04:14+00:00\",\"breadcrumb\":{\"@id\":\"https:\/\/landoibobis.com\/es\/politica-de-privacidad\/#breadcrumb\"},\"inLanguage\":\"es\",\"potentialAction\":[{\"@type\":\"ReadAction\",\"target\":[\"https:\/\/landoibobis.com\/es\/politica-de-privacidad\/\"]}]},{\"@type\":\"BreadcrumbList\",\"@id\":\"https:\/\/landoibobis.com\/es\/politica-de-privacidad\/#breadcrumb\",\"itemListElement\":[{\"@type\":\"ListItem\",\"position\":1,\"name\":\"Portada\",\"item\":\"https:\/\/landoibobis.com\/es\/\"},{\"@type\":\"ListItem\",\"position\":2,\"name\":\"Pol\u00edtica de Privacidad\"}]},{\"@type\":\"WebSite\",\"@id\":\"https:\/\/landoibobis.com\/es\/#website\",\"url\":\"https:\/\/landoibobis.com\/es\/\",\"name\":\"Lando i Bobis\",\"description\":\"Abogado en Tarragona, Asesor\u00eda, Formaci\u00f3n\",\"publisher\":{\"@id\":\"https:\/\/landoibobis.com\/es\/#organization\"},\"potentialAction\":[{\"@type\":\"SearchAction\",\"target\":{\"@type\":\"EntryPoint\",\"urlTemplate\":\"https:\/\/landoibobis.com\/es\/?s={search_term_string}\"},\"query-input\":{\"@type\":\"PropertyValueSpecification\",\"valueRequired\":true,\"valueName\":\"search_term_string\"}}],\"inLanguage\":\"es\"},{\"@type\":\"Organization\",\"@id\":\"https:\/\/landoibobis.com\/es\/#organization\",\"name\":\"Lando i Bobis\",\"url\":\"https:\/\/landoibobis.com\/es\/\",\"logo\":{\"@type\":\"ImageObject\",\"inLanguage\":\"es\",\"@id\":\"https:\/\/landoibobis.com\/es\/#\/schema\/logo\/image\/\",\"url\":\"https:\/\/i0.wp.com\/landoibobis.com\/wp-content\/uploads\/2023\/04\/cropped-cropped-cropped-logo-lando-i-bobis-e1681206179758.png?fit=400%2C135&ssl=1\",\"contentUrl\":\"https:\/\/i0.wp.com\/landoibobis.com\/wp-content\/uploads\/2023\/04\/cropped-cropped-cropped-logo-lando-i-bobis-e1681206179758.png?fit=400%2C135&ssl=1\",\"width\":400,\"height\":135,\"caption\":\"Lando i Bobis\"},\"image\":{\"@id\":\"https:\/\/landoibobis.com\/es\/#\/schema\/logo\/image\/\"},\"sameAs\":[\"https:\/\/www.facebook.com\/people\/Lando-i-Bobis-Advocats-Abogados\/100054291830478\/\",\"https:\/\/www.instagram.com\/landoibobis\/\"]}]}<\/script>\n<!-- \/ Yoast SEO plugin. -->","yoast_head_json":{"title":"Pol\u00edtica de Privacidad - Lando i Bobis","robots":{"index":"index","follow":"follow","max-snippet":"max-snippet:-1","max-image-preview":"max-image-preview:large","max-video-preview":"max-video-preview:-1"},"canonical":"https:\/\/landoibobis.com\/es\/politica-de-privacidad\/","og_locale":"es_ES","og_type":"article","og_title":"Pol\u00edtica de Privacidad - Lando i Bobis","og_description":"Uso y tratamiento de datos de car\u00e1cter personal Le informamos que los datos de car\u00e1cter personal que pudieranproporcionarse, a trav\u00e9s de este sitio web, as\u00ed como los que pudiera facilitar en el futuro en el marco de surelaci\u00f3n jur\u00eddica con&hellip; Continue reading&hellip;","og_url":"https:\/\/landoibobis.com\/es\/politica-de-privacidad\/","og_site_name":"Lando i Bobis","article_publisher":"https:\/\/www.facebook.com\/people\/Lando-i-Bobis-Advocats-Abogados\/100054291830478\/","article_modified_time":"2023-04-09T09:04:14+00:00","twitter_card":"summary_large_image","twitter_misc":{"Tiempo de lectura":"2 minutos"},"schema":{"@context":"https:\/\/schema.org","@graph":[{"@type":"WebPage","@id":"https:\/\/landoibobis.com\/es\/politica-de-privacidad\/","url":"https:\/\/landoibobis.com\/es\/politica-de-privacidad\/","name":"Pol\u00edtica de Privacidad - Lando i Bobis","isPartOf":{"@id":"https:\/\/landoibobis.com\/es\/#website"},"datePublished":"2022-03-11T13:54:27+00:00","dateModified":"2023-04-09T09:04:14+00:00","breadcrumb":{"@id":"https:\/\/landoibobis.com\/es\/politica-de-privacidad\/#breadcrumb"},"inLanguage":"es","potentialAction":[{"@type":"ReadAction","target":["https:\/\/landoibobis.com\/es\/politica-de-privacidad\/"]}]},{"@type":"BreadcrumbList","@id":"https:\/\/landoibobis.com\/es\/politica-de-privacidad\/#breadcrumb","itemListElement":[{"@type":"ListItem","position":1,"name":"Portada","item":"https:\/\/landoibobis.com\/es\/"},{"@type":"ListItem","position":2,"name":"Pol\u00edtica de Privacidad"}]},{"@type":"WebSite","@id":"https:\/\/landoibobis.com\/es\/#website","url":"https:\/\/landoibobis.com\/es\/","name":"Lando i Bobis","description":"Abogado en Tarragona, Asesor\u00eda, Formaci\u00f3n","publisher":{"@id":"https:\/\/landoibobis.com\/es\/#organization"},"potentialAction":[{"@type":"SearchAction","target":{"@type":"EntryPoint","urlTemplate":"https:\/\/landoibobis.com\/es\/?s={search_term_string}"},"query-input":{"@type":"PropertyValueSpecification","valueRequired":true,"valueName":"search_term_string"}}],"inLanguage":"es"},{"@type":"Organization","@id":"https:\/\/landoibobis.com\/es\/#organization","name":"Lando i Bobis","url":"https:\/\/landoibobis.com\/es\/","logo":{"@type":"ImageObject","inLanguage":"es","@id":"https:\/\/landoibobis.com\/es\/#\/schema\/logo\/image\/","url":"https:\/\/i0.wp.com\/landoibobis.com\/wp-content\/uploads\/2023\/04\/cropped-cropped-cropped-logo-lando-i-bobis-e1681206179758.png?fit=400%2C135&ssl=1","contentUrl":"https:\/\/i0.wp.com\/landoibobis.com\/wp-content\/uploads\/2023\/04\/cropped-cropped-cropped-logo-lando-i-bobis-e1681206179758.png?fit=400%2C135&ssl=1","width":400,"height":135,"caption":"Lando i Bobis"},"image":{"@id":"https:\/\/landoibobis.com\/es\/#\/schema\/logo\/image\/"},"sameAs":["https:\/\/www.facebook.com\/people\/Lando-i-Bobis-Advocats-Abogados\/100054291830478\/","https:\/\/www.instagram.com\/landoibobis\/"]}]}},"_links":{"self":[{"href":"https:\/\/landoibobis.com\/es\/wp-json\/wp\/v2\/pages\/3","targetHints":{"allow":["GET"]}}],"collection":[{"href":"https:\/\/landoibobis.com\/es\/wp-json\/wp\/v2\/pages"}],"about":[{"href":"https:\/\/landoibobis.com\/es\/wp-json\/wp\/v2\/types\/page"}],"author":[{"embeddable":true,"href":"https:\/\/landoibobis.com\/es\/wp-json\/wp\/v2\/users\/1"}],"replies":[{"embeddable":true,"href":"https:\/\/landoibobis.com\/es\/wp-json\/wp\/v2\/comments?post=3"}],"version-history":[{"count":4,"href":"https:\/\/landoibobis.com\/es\/wp-json\/wp\/v2\/pages\/3\/revisions"}],"predecessor-version":[{"id":2089,"href":"https:\/\/landoibobis.com\/es\/wp-json\/wp\/v2\/pages\/3\/revisions\/2089"}],"wp:attachment":[{"href":"https:\/\/landoibobis.com\/es\/wp-json\/wp\/v2\/media?parent=3"}],"curies":[{"name":"wp","href":"https:\/\/api.w.org\/{rel}","templated":true}]}}