{"id":3246,"date":"2023-08-07T15:23:34","date_gmt":"2023-08-07T15:23:34","guid":{"rendered":"https:\/\/landoibobis.com\/?page_id=3246"},"modified":"2023-08-07T15:23:36","modified_gmt":"2023-08-07T15:23:36","slug":"segunda-oportunidad","status":"publish","type":"page","link":"https:\/\/landoibobis.com\/es\/segunda-oportunidad\/","title":{"rendered":"Segunda Oportunidad"},"content":{"rendered":"\n<div style=\"height:40px\" aria-hidden=\"true\" class=\"wp-block-spacer\"><\/div>\n\n\n<div class=\"alignwide-wrap\" data-block=\"heading\">\n<h2 class=\"wp-block-heading alignwide has-text-align-center h1 has-huge-font-size\">Tramitaci\u00f3n de Ley de Segunda Oportunidad en Tarragona<\/h2>\n<\/div>\n\n<div class=\"alignwide-wrap\" data-block=\"columns\">\n<div class=\"wp-block-columns alignwide has-large-font-size\" style=\"padding-top:0;padding-right:0;padding-bottom:0;padding-left:0;font-style:normal;font-weight:600\">\n<div class=\"wp-block-column is-vertically-aligned-top\">\n<p class=\"has-text-align-center has-palette-1-color has-text-color has-large-font-size\" style=\"padding-top:0;padding-right:var(--wp--preset--spacing--60);padding-bottom:0;padding-left:var(--wp--preset--spacing--60);font-style:normal;font-weight:500\">Conocemos de primera mano la dificultad emocional y de gesti\u00f3n que conlleva reunir la documentaci\u00f3n necesaria por eso LO HACEMOS POR TI !!!<\/p>\n<\/div>\n<\/div>\n<\/div>\n\n\n<div style=\"height:27px\" aria-hidden=\"true\" class=\"wp-block-spacer mt-0\"><\/div>\n\n\n<div class=\"alignwide-wrap\" data-block=\"columns\">\n<div class=\"wp-block-columns alignwide\">\n<div class=\"wp-block-column\" style=\"flex-basis:60%\"><div class=\"wp-block-image\">\n<figure class=\"aligncenter size-full is-resized\"><img data-recalc-dims=\"1\" loading=\"lazy\" decoding=\"async\" src=\"https:\/\/i0.wp.com\/landoibobis.com\/wp-content\/uploads\/2023\/08\/Diapositiva4.jpg?resize=615%2C461&#038;ssl=1\" alt=\"\" class=\"wp-image-3247\" width=\"615\" height=\"461\" srcset=\"https:\/\/i0.wp.com\/landoibobis.com\/wp-content\/uploads\/2023\/08\/Diapositiva4.jpg?w=960&amp;ssl=1 960w, https:\/\/i0.wp.com\/landoibobis.com\/wp-content\/uploads\/2023\/08\/Diapositiva4.jpg?resize=640%2C480&amp;ssl=1 640w, https:\/\/i0.wp.com\/landoibobis.com\/wp-content\/uploads\/2023\/08\/Diapositiva4.jpg?resize=480%2C360&amp;ssl=1 480w, https:\/\/i0.wp.com\/landoibobis.com\/wp-content\/uploads\/2023\/08\/Diapositiva4.jpg?resize=768%2C576&amp;ssl=1 768w\" sizes=\"(max-width: 615px) 100vw, 615px\" \/><\/figure>\n<\/div><\/div>\n\n\n\n<div class=\"wp-block-column is-vertically-aligned-center\" style=\"flex-basis:40%\">\n<h2 class=\"wp-block-heading\">Qu\u00e9 es?<\/h2>\n\n\n\n<div style=\"height:16px\" aria-hidden=\"true\" class=\"wp-block-spacer mt-0\"><\/div>\n\n\n\n<p>La Ley de Segunda Oportunidad es un procedimiento judicial que te permite cancelar tus deudas.<\/p>\n\n\n\n<p>Esta ley est\u00e1 pensada para que particulares y aut\u00f3nomos eliminen total o parcialmente sus deudas y tengan la oportunidad de empezar de cero.<\/p>\n<\/div>\n<\/div>\n<\/div>\n\n<div class=\"alignwide-wrap\" data-block=\"columns\">\n<div class=\"wp-block-columns alignwide\">\n<div class=\"wp-block-column\">\n<h3 class=\"wp-block-heading has-text-align-center\">Qu\u00e9 debes saber<\/h3>\n\n\n\n<p>&#8211; Es necesario tener deudas (aunque est\u00e9n al corriente de pago) con al menos dos acreedores diferentes: entidades financieras, proveedores, Hacienda, Seguridad Social&#8230;<\/p>\n\n\n\n<p>&#8211; Hay deudas que no pueden exonerarse, por ejemplo, las deudas de salario de los trabajadores, la pensi\u00f3n de alimentos de los hijos.<\/p>\n\n\n\n<p>&#8211; Puedes cancelar hasta un m\u00e1ximo de 10.000 \u20ac de deuda con Hacienda y otros 10.000 \u20ac de deuda con la Seguridad Social.<\/p>\n\n\n\n<p>&#8211; Podr\u00e1s escoger entre sacrificar tu patrimonio y cancelar todas sus deudas, o salvar tu vivienda y asumir un plan de pagos para saldar la parte de las deudas que no se cancelen.<\/p>\n\n\n\n<p>&#8211; Se paralizan los embargos y procesos de reclamaci\u00f3n de deudas, y una vez finalizado el proceso se consigue la salida de los ficheros de morosidad.<\/p>\n<\/div>\n<\/div>\n<\/div>\n\n\n<div style=\"height:111px\" aria-hidden=\"true\" class=\"wp-block-spacer\"><\/div>\n\n\n<div class=\"alignwide-wrap\" data-block=\"cover\">\n<div class=\"wp-block-cover alignwide is-light\"><span aria-hidden=\"true\" class=\"wp-block-cover__background has-background-dim-0 has-background-dim\"><\/span><div class=\"wp-block-cover__inner-container is-layout-flow wp-block-cover-is-layout-flow\"><div class=\"alignwide-wrap\" data-block=\"group\">\n<div class=\"wp-block-group alignwide\"><div class=\"wp-block-group__inner-container is-layout-constrained wp-block-group-is-layout-constrained\">\n<figure class=\"wp-block-gallery alignfull has-nested-images columns-default is-cropped has-regular-padding has-lightbox wp-block-gallery-1 is-layout-flex wp-block-gallery-is-layout-flex\">\n<figure class=\"wp-block-image size-full\"><a href=\"https:\/\/i0.wp.com\/landoibobis.com\/wp-content\/uploads\/2023\/04\/sala5.jpeg?ssl=1\"><img data-recalc-dims=\"1\" loading=\"lazy\" decoding=\"async\" width=\"750\" height=\"563\" data-id=\"1837\" src=\"https:\/\/i0.wp.com\/landoibobis.com\/wp-content\/uploads\/2023\/04\/sala5.jpeg?resize=750%2C563&#038;ssl=1\" alt=\"Sala con mesa de reuniones para alquilar en Tarragona\" class=\"wp-image-1837\" srcset=\"https:\/\/i0.wp.com\/landoibobis.com\/wp-content\/uploads\/2023\/04\/sala5.jpeg?w=750&amp;ssl=1 750w, https:\/\/i0.wp.com\/landoibobis.com\/wp-content\/uploads\/2023\/04\/sala5.jpeg?resize=640%2C480&amp;ssl=1 640w, https:\/\/i0.wp.com\/landoibobis.com\/wp-content\/uploads\/2023\/04\/sala5.jpeg?resize=480%2C360&amp;ssl=1 480w\" sizes=\"(max-width: 750px) 100vw, 750px\" \/><\/a><\/figure>\n\n\n\n<figure class=\"wp-block-image size-full\"><a href=\"https:\/\/i0.wp.com\/landoibobis.com\/wp-content\/uploads\/2023\/08\/segunda-oportunidad-cartel-1.jpg?ssl=1\"><img data-recalc-dims=\"1\" loading=\"lazy\" decoding=\"async\" width=\"900\" height=\"450\" data-id=\"3248\" src=\"https:\/\/i0.wp.com\/landoibobis.com\/wp-content\/uploads\/2023\/08\/segunda-oportunidad-cartel-1.jpg?resize=900%2C450&#038;ssl=1\" alt=\"\" class=\"wp-image-3248\" srcset=\"https:\/\/i0.wp.com\/landoibobis.com\/wp-content\/uploads\/2023\/08\/segunda-oportunidad-cartel-1.jpg?w=900&amp;ssl=1 900w, https:\/\/i0.wp.com\/landoibobis.com\/wp-content\/uploads\/2023\/08\/segunda-oportunidad-cartel-1.jpg?resize=640%2C320&amp;ssl=1 640w, https:\/\/i0.wp.com\/landoibobis.com\/wp-content\/uploads\/2023\/08\/segunda-oportunidad-cartel-1.jpg?resize=480%2C240&amp;ssl=1 480w, https:\/\/i0.wp.com\/landoibobis.com\/wp-content\/uploads\/2023\/08\/segunda-oportunidad-cartel-1.jpg?resize=768%2C384&amp;ssl=1 768w\" sizes=\"(max-width: 900px) 100vw, 900px\" \/><\/a><\/figure>\n\n\n\n<figure class=\"wp-block-image size-medium\"><img data-recalc-dims=\"1\" loading=\"lazy\" decoding=\"async\" width=\"640\" height=\"480\" data-id=\"1836\" src=\"https:\/\/i0.wp.com\/landoibobis.com\/wp-content\/uploads\/2023\/04\/sala4.jpeg?resize=640%2C480&#038;ssl=1\" alt=\"\" class=\"wp-image-1836\" srcset=\"https:\/\/i0.wp.com\/landoibobis.com\/wp-content\/uploads\/2023\/04\/sala4.jpeg?resize=640%2C480&amp;ssl=1 640w, https:\/\/i0.wp.com\/landoibobis.com\/wp-content\/uploads\/2023\/04\/sala4.jpeg?resize=480%2C360&amp;ssl=1 480w, https:\/\/i0.wp.com\/landoibobis.com\/wp-content\/uploads\/2023\/04\/sala4.jpeg?w=750&amp;ssl=1 750w\" sizes=\"(max-width: 640px) 100vw, 640px\" \/><\/figure>\n<\/figure>\n<\/div>\n<\/div><\/div><\/div><\/div>\n<\/div>\n\n\n<div class=\"wp-block-group alignfull\" style=\"padding-top:150px;padding-bottom:0px\"><div class=\"wp-block-group__inner-container is-layout-flow wp-block-group-is-layout-flow\">\n<h2 class=\"wp-block-heading has-text-align-center\" id=\"the-organization-titles-to-is-them\">Ll\u00e1manos para m\u00e1s informaci\u00f3n<\/h2>\n\n\n\n<div style=\"height:58px\" aria-hidden=\"true\" class=\"wp-block-spacer mt-0\"><\/div>\n\n\n<div class=\"wp-block-coblocks-shape-divider alignfull has-palette-1-color mt-0 mb-0\" style=\"\" aria-hidden=\"true\">\n\t\t\t<div class=\"wp-block-coblocks-shape-divider__svg-wrapper\" style=\"height:100px;\">\n\t\t\t\t<svg class=\"divider--wavy\" viewBox=\"0 0 100 10\" xmlns=\"http:\/\/www.w3.org\/2000\/svg\" preserveAspectRatio=\"none\"><path d=\"m42.19.65c2.26-.25 5.15.04 7.55.53 2.36.49 7.09 2.35 10.05 3.57 7.58 3.22 13.37 4.45 19.26 4.97 2.36.21 4.87.35 10.34-.25s10.62-2.56 10.62-2.56v-6.91h-100.01v3.03s7.2 3.26 15.84 3.05c3.92-.07 9.28-.67 13.4-2.24 2.12-.81 5.22-1.82 7.97-2.42 2.72-.63 3.95-.67 4.98-.77z\" fillRule=\"evenodd\" transform=\"matrix(1 0 0 -1 0 10)\" \/><\/svg>\n\t\t\t<\/div>\n\t\t\t<div class=\"wp-block-coblocks-shape-divider__alt-wrapper\" style=\"height:50px;\"><\/div>\n\t\t<\/div><\/div><\/div>\n","protected":false},"excerpt":{"rendered":"<div class=\"entry-summary\">\nTramitaci\u00f3n de Ley de Segunda Oportunidad en Tarragona Conocemos de primera mano la dificultad emocional y de gesti\u00f3n que conlleva reunir la documentaci\u00f3n necesaria por eso LO HACEMOS POR TI !!! Qu\u00e9 es? La Ley de Segunda Oportunidad es un&hellip;\n<\/div>\n<div class=\"link-more-container\"><a href=\"https:\/\/landoibobis.com\/es\/segunda-oportunidad\/\" class=\"link-more\" aria-label=\"Continue reading Segunda Oportunidad\">Continue reading&hellip;<\/a><\/div>\n","protected":false},"author":1,"featured_media":0,"parent":0,"menu_order":0,"comment_status":"closed","ping_status":"closed","template":"","meta":{"_coblocks_attr":"","_coblocks_dimensions":"","_coblocks_responsive_height":"","_coblocks_accordion_ie_support":"","_et_pb_use_builder":"","_et_pb_old_content":"","_et_gb_content_width":"","_monsterinsights_skip_tracking":false,"_monsterinsights_sitenote_active":false,"_monsterinsights_sitenote_note":"","_monsterinsights_sitenote_category":0,"footnotes":""},"class_list":["post-3246","page","type-page","status-publish","hentry","entry","entry-type-page"],"yoast_head":"<!-- This site is optimized with the Yoast SEO plugin v26.6 - https:\/\/yoast.com\/wordpress\/plugins\/seo\/ -->\n<title>Segunda Oportunidad - Lando i Bobis<\/title>\n<meta name=\"robots\" content=\"index, follow, max-snippet:-1, max-image-preview:large, max-video-preview:-1\" \/>\n<link rel=\"canonical\" href=\"https:\/\/landoibobis.com\/es\/segunda-oportunidad\/\" \/>\n<meta property=\"og:locale\" content=\"es_ES\" \/>\n<meta property=\"og:type\" content=\"article\" \/>\n<meta property=\"og:title\" content=\"Segunda Oportunidad - Lando i Bobis\" \/>\n<meta property=\"og:description\" content=\"Tramitaci\u00f3n de Ley de Segunda Oportunidad en Tarragona Conocemos de primera mano la dificultad emocional y de gesti\u00f3n que conlleva reunir la documentaci\u00f3n necesaria por eso LO HACEMOS POR TI !!! Qu\u00e9 es? La Ley de Segunda Oportunidad es un&hellip; Continue reading&hellip;\" \/>\n<meta property=\"og:url\" content=\"https:\/\/landoibobis.com\/es\/segunda-oportunidad\/\" \/>\n<meta property=\"og:site_name\" content=\"Lando i Bobis\" \/>\n<meta property=\"article:publisher\" content=\"https:\/\/www.facebook.com\/people\/Lando-i-Bobis-Advocats-Abogados\/100054291830478\/\" \/>\n<meta property=\"article:modified_time\" content=\"2023-08-07T15:23:36+00:00\" \/>\n<meta property=\"og:image\" content=\"https:\/\/landoibobis.com\/wp-content\/uploads\/2023\/08\/Diapositiva4.jpg\" \/>\n<meta name=\"twitter:card\" content=\"summary_large_image\" \/>\n<meta name=\"twitter:label1\" content=\"Tiempo de lectura\" \/>\n\t<meta name=\"twitter:data1\" content=\"1 minuto\" \/>\n<script type=\"application\/ld+json\" class=\"yoast-schema-graph\">{\"@context\":\"https:\/\/schema.org\",\"@graph\":[{\"@type\":\"WebPage\",\"@id\":\"https:\/\/landoibobis.com\/es\/segunda-oportunidad\/\",\"url\":\"https:\/\/landoibobis.com\/es\/segunda-oportunidad\/\",\"name\":\"Segunda Oportunidad - Lando i Bobis\",\"isPartOf\":{\"@id\":\"https:\/\/landoibobis.com\/es\/#website\"},\"primaryImageOfPage\":{\"@id\":\"https:\/\/landoibobis.com\/es\/segunda-oportunidad\/#primaryimage\"},\"image\":{\"@id\":\"https:\/\/landoibobis.com\/es\/segunda-oportunidad\/#primaryimage\"},\"thumbnailUrl\":\"https:\/\/landoibobis.com\/wp-content\/uploads\/2023\/08\/Diapositiva4.jpg\",\"datePublished\":\"2023-08-07T15:23:34+00:00\",\"dateModified\":\"2023-08-07T15:23:36+00:00\",\"breadcrumb\":{\"@id\":\"https:\/\/landoibobis.com\/es\/segunda-oportunidad\/#breadcrumb\"},\"inLanguage\":\"es\",\"potentialAction\":[{\"@type\":\"ReadAction\",\"target\":[\"https:\/\/landoibobis.com\/es\/segunda-oportunidad\/\"]}]},{\"@type\":\"ImageObject\",\"inLanguage\":\"es\",\"@id\":\"https:\/\/landoibobis.com\/es\/segunda-oportunidad\/#primaryimage\",\"url\":\"https:\/\/landoibobis.com\/wp-content\/uploads\/2023\/08\/Diapositiva4.jpg\",\"contentUrl\":\"https:\/\/landoibobis.com\/wp-content\/uploads\/2023\/08\/Diapositiva4.jpg\"},{\"@type\":\"BreadcrumbList\",\"@id\":\"https:\/\/landoibobis.com\/es\/segunda-oportunidad\/#breadcrumb\",\"itemListElement\":[{\"@type\":\"ListItem\",\"position\":1,\"name\":\"Portada\",\"item\":\"https:\/\/landoibobis.com\/es\/\"},{\"@type\":\"ListItem\",\"position\":2,\"name\":\"Segunda Oportunidad\"}]},{\"@type\":\"WebSite\",\"@id\":\"https:\/\/landoibobis.com\/es\/#website\",\"url\":\"https:\/\/landoibobis.com\/es\/\",\"name\":\"Lando i Bobis\",\"description\":\"Abogado en Tarragona, Asesor\u00eda, Formaci\u00f3n\",\"publisher\":{\"@id\":\"https:\/\/landoibobis.com\/es\/#organization\"},\"potentialAction\":[{\"@type\":\"SearchAction\",\"target\":{\"@type\":\"EntryPoint\",\"urlTemplate\":\"https:\/\/landoibobis.com\/es\/?s={search_term_string}\"},\"query-input\":{\"@type\":\"PropertyValueSpecification\",\"valueRequired\":true,\"valueName\":\"search_term_string\"}}],\"inLanguage\":\"es\"},{\"@type\":\"Organization\",\"@id\":\"https:\/\/landoibobis.com\/es\/#organization\",\"name\":\"Lando i Bobis\",\"url\":\"https:\/\/landoibobis.com\/es\/\",\"logo\":{\"@type\":\"ImageObject\",\"inLanguage\":\"es\",\"@id\":\"https:\/\/landoibobis.com\/es\/#\/schema\/logo\/image\/\",\"url\":\"https:\/\/i0.wp.com\/landoibobis.com\/wp-content\/uploads\/2023\/04\/cropped-cropped-cropped-logo-lando-i-bobis-e1681206179758.png?fit=400%2C135&ssl=1\",\"contentUrl\":\"https:\/\/i0.wp.com\/landoibobis.com\/wp-content\/uploads\/2023\/04\/cropped-cropped-cropped-logo-lando-i-bobis-e1681206179758.png?fit=400%2C135&ssl=1\",\"width\":400,\"height\":135,\"caption\":\"Lando i Bobis\"},\"image\":{\"@id\":\"https:\/\/landoibobis.com\/es\/#\/schema\/logo\/image\/\"},\"sameAs\":[\"https:\/\/www.facebook.com\/people\/Lando-i-Bobis-Advocats-Abogados\/100054291830478\/\",\"https:\/\/www.instagram.com\/landoibobis\/\"]}]}<\/script>\n<!-- \/ Yoast SEO plugin. -->","yoast_head_json":{"title":"Segunda Oportunidad - Lando i Bobis","robots":{"index":"index","follow":"follow","max-snippet":"max-snippet:-1","max-image-preview":"max-image-preview:large","max-video-preview":"max-video-preview:-1"},"canonical":"https:\/\/landoibobis.com\/es\/segunda-oportunidad\/","og_locale":"es_ES","og_type":"article","og_title":"Segunda Oportunidad - Lando i Bobis","og_description":"Tramitaci\u00f3n de Ley de Segunda Oportunidad en Tarragona Conocemos de primera mano la dificultad emocional y de gesti\u00f3n que conlleva reunir la documentaci\u00f3n necesaria por eso LO HACEMOS POR TI !!! Qu\u00e9 es? La Ley de Segunda Oportunidad es un&hellip; Continue reading&hellip;","og_url":"https:\/\/landoibobis.com\/es\/segunda-oportunidad\/","og_site_name":"Lando i Bobis","article_publisher":"https:\/\/www.facebook.com\/people\/Lando-i-Bobis-Advocats-Abogados\/100054291830478\/","article_modified_time":"2023-08-07T15:23:36+00:00","og_image":[{"url":"https:\/\/landoibobis.com\/wp-content\/uploads\/2023\/08\/Diapositiva4.jpg","type":"","width":"","height":""}],"twitter_card":"summary_large_image","twitter_misc":{"Tiempo de lectura":"1 minuto"},"schema":{"@context":"https:\/\/schema.org","@graph":[{"@type":"WebPage","@id":"https:\/\/landoibobis.com\/es\/segunda-oportunidad\/","url":"https:\/\/landoibobis.com\/es\/segunda-oportunidad\/","name":"Segunda Oportunidad - Lando i Bobis","isPartOf":{"@id":"https:\/\/landoibobis.com\/es\/#website"},"primaryImageOfPage":{"@id":"https:\/\/landoibobis.com\/es\/segunda-oportunidad\/#primaryimage"},"image":{"@id":"https:\/\/landoibobis.com\/es\/segunda-oportunidad\/#primaryimage"},"thumbnailUrl":"https:\/\/landoibobis.com\/wp-content\/uploads\/2023\/08\/Diapositiva4.jpg","datePublished":"2023-08-07T15:23:34+00:00","dateModified":"2023-08-07T15:23:36+00:00","breadcrumb":{"@id":"https:\/\/landoibobis.com\/es\/segunda-oportunidad\/#breadcrumb"},"inLanguage":"es","potentialAction":[{"@type":"ReadAction","target":["https:\/\/landoibobis.com\/es\/segunda-oportunidad\/"]}]},{"@type":"ImageObject","inLanguage":"es","@id":"https:\/\/landoibobis.com\/es\/segunda-oportunidad\/#primaryimage","url":"https:\/\/landoibobis.com\/wp-content\/uploads\/2023\/08\/Diapositiva4.jpg","contentUrl":"https:\/\/landoibobis.com\/wp-content\/uploads\/2023\/08\/Diapositiva4.jpg"},{"@type":"BreadcrumbList","@id":"https:\/\/landoibobis.com\/es\/segunda-oportunidad\/#breadcrumb","itemListElement":[{"@type":"ListItem","position":1,"name":"Portada","item":"https:\/\/landoibobis.com\/es\/"},{"@type":"ListItem","position":2,"name":"Segunda Oportunidad"}]},{"@type":"WebSite","@id":"https:\/\/landoibobis.com\/es\/#website","url":"https:\/\/landoibobis.com\/es\/","name":"Lando i Bobis","description":"Abogado en Tarragona, Asesor\u00eda, Formaci\u00f3n","publisher":{"@id":"https:\/\/landoibobis.com\/es\/#organization"},"potentialAction":[{"@type":"SearchAction","target":{"@type":"EntryPoint","urlTemplate":"https:\/\/landoibobis.com\/es\/?s={search_term_string}"},"query-input":{"@type":"PropertyValueSpecification","valueRequired":true,"valueName":"search_term_string"}}],"inLanguage":"es"},{"@type":"Organization","@id":"https:\/\/landoibobis.com\/es\/#organization","name":"Lando i Bobis","url":"https:\/\/landoibobis.com\/es\/","logo":{"@type":"ImageObject","inLanguage":"es","@id":"https:\/\/landoibobis.com\/es\/#\/schema\/logo\/image\/","url":"https:\/\/i0.wp.com\/landoibobis.com\/wp-content\/uploads\/2023\/04\/cropped-cropped-cropped-logo-lando-i-bobis-e1681206179758.png?fit=400%2C135&ssl=1","contentUrl":"https:\/\/i0.wp.com\/landoibobis.com\/wp-content\/uploads\/2023\/04\/cropped-cropped-cropped-logo-lando-i-bobis-e1681206179758.png?fit=400%2C135&ssl=1","width":400,"height":135,"caption":"Lando i Bobis"},"image":{"@id":"https:\/\/landoibobis.com\/es\/#\/schema\/logo\/image\/"},"sameAs":["https:\/\/www.facebook.com\/people\/Lando-i-Bobis-Advocats-Abogados\/100054291830478\/","https:\/\/www.instagram.com\/landoibobis\/"]}]}},"_links":{"self":[{"href":"https:\/\/landoibobis.com\/es\/wp-json\/wp\/v2\/pages\/3246","targetHints":{"allow":["GET"]}}],"collection":[{"href":"https:\/\/landoibobis.com\/es\/wp-json\/wp\/v2\/pages"}],"about":[{"href":"https:\/\/landoibobis.com\/es\/wp-json\/wp\/v2\/types\/page"}],"author":[{"embeddable":true,"href":"https:\/\/landoibobis.com\/es\/wp-json\/wp\/v2\/users\/1"}],"replies":[{"embeddable":true,"href":"https:\/\/landoibobis.com\/es\/wp-json\/wp\/v2\/comments?post=3246"}],"version-history":[{"count":3,"href":"https:\/\/landoibobis.com\/es\/wp-json\/wp\/v2\/pages\/3246\/revisions"}],"predecessor-version":[{"id":3257,"href":"https:\/\/landoibobis.com\/es\/wp-json\/wp\/v2\/pages\/3246\/revisions\/3257"}],"wp:attachment":[{"href":"https:\/\/landoibobis.com\/es\/wp-json\/wp\/v2\/media?parent=3246"}],"curies":[{"name":"wp","href":"https:\/\/api.w.org\/{rel}","templated":true}]}}